{"id":12799,"date":"2024-07-03T06:33:09","date_gmt":"2024-07-03T06:33:09","guid":{"rendered":"https:\/\/www.ordinemedici.bz.it\/?page_id=12799"},"modified":"2024-07-03T07:18:04","modified_gmt":"2024-07-03T07:18:04","slug":"offentliche-verwaltungen-behorden-2","status":"publish","type":"page","link":"https:\/\/29022.web.zcom.it\/de\/offentliche-verwaltungen-behorden-2\/","title":{"rendered":"Lieferanten"},"content":{"rendered":"\t\t<div data-elementor-type=\"wp-page\" data-elementor-id=\"12799\" class=\"elementor elementor-12799 elementor-12798\" data-elementor-post-type=\"page\">\n\t\t\t\t\t\t<section data-dce-background-image-url=\"https:\/\/www.ordinemedici.bz.it\/wp-content\/uploads\/2023\/11\/news-scientifica.jpg\" class=\"elementor-section elementor-top-section elementor-element elementor-element-4441f323 elementor-section-height-min-height elementor-section-items-stretch elementor-section-boxed elementor-section-height-default elementor-invisible\" data-id=\"4441f323\" data-element_type=\"section\" data-settings=\"{&quot;background_background&quot;:&quot;classic&quot;,&quot;animation&quot;:&quot;fadeInUp&quot;}\">\n\t\t\t\t\t\t\t<div class=\"elementor-background-overlay\"><\/div>\n\t\t\t\t\t\t\t<div class=\"elementor-container elementor-column-gap-default\">\n\t\t\t\t\t<div class=\"elementor-column elementor-col-50 elementor-top-column elementor-element elementor-element-2ce3a648\" data-id=\"2ce3a648\" data-element_type=\"column\">\n\t\t\t<div class=\"elementor-widget-wrap elementor-element-populated\">\n\t\t\t\t\t\t<div class=\"elementor-element elementor-element-129eb932 dce_masking-none elementor-widget elementor-widget-image-box\" data-id=\"129eb932\" data-element_type=\"widget\" data-widget_type=\"image-box.default\">\n\t\t\t\t<div class=\"elementor-widget-container\">\n\t\t\t<style>.elementor-widget-image-box .elementor-image-box-content{width:100%}@media (min-width:768px){.elementor-widget-image-box.elementor-position-left .elementor-image-box-wrapper,.elementor-widget-image-box.elementor-position-right .elementor-image-box-wrapper{display:flex}.elementor-widget-image-box.elementor-position-right .elementor-image-box-wrapper{text-align:end;flex-direction:row-reverse}.elementor-widget-image-box.elementor-position-left .elementor-image-box-wrapper{text-align:start;flex-direction:row}.elementor-widget-image-box.elementor-position-top .elementor-image-box-img{margin:auto}.elementor-widget-image-box.elementor-vertical-align-top .elementor-image-box-wrapper{align-items:flex-start}.elementor-widget-image-box.elementor-vertical-align-middle .elementor-image-box-wrapper{align-items:center}.elementor-widget-image-box.elementor-vertical-align-bottom .elementor-image-box-wrapper{align-items:flex-end}}@media (max-width:767px){.elementor-widget-image-box .elementor-image-box-img{margin-left:auto!important;margin-right:auto!important;margin-bottom:15px}}.elementor-widget-image-box .elementor-image-box-img{display:inline-block}.elementor-widget-image-box .elementor-image-box-title a{color:inherit}.elementor-widget-image-box .elementor-image-box-wrapper{text-align:center}.elementor-widget-image-box .elementor-image-box-description{margin:0}<\/style><div class=\"elementor-image-box-wrapper\"><div class=\"elementor-image-box-content\"><h3 class=\"elementor-image-box-title\">F\u00fcr Lieferanten<\/h3><p class=\"elementor-image-box-description\">Auf dieser Seite finden Sie Inhalte, die f\u00fcr Lieferanten relevant sind.<\/p><\/div><\/div>\t\t<\/div>\n\t\t\t\t<\/div>\n\t\t\t\t\t<\/div>\n\t\t<\/div>\n\t\t\t\t<div class=\"elementor-column elementor-col-50 elementor-top-column elementor-element elementor-element-53b64670 elementor-hidden-mobile\" data-id=\"53b64670\" data-element_type=\"column\">\n\t\t\t<div class=\"elementor-widget-wrap\">\n\t\t\t\t\t\t\t<\/div>\n\t\t<\/div>\n\t\t\t\t\t<\/div>\n\t\t<\/section>\n\t\t\t\t<section class=\"elementor-section elementor-top-section elementor-element elementor-element-cb0af3a elementor-section-boxed elementor-section-height-default elementor-section-height-default elementor-invisible\" data-id=\"cb0af3a\" data-element_type=\"section\" data-settings=\"{&quot;animation&quot;:&quot;fadeInUp&quot;}\">\n\t\t\t\t\t\t<div class=\"elementor-container elementor-column-gap-default\">\n\t\t\t\t\t<div class=\"elementor-column elementor-col-100 elementor-top-column elementor-element elementor-element-899ffcd\" data-id=\"899ffcd\" data-element_type=\"column\">\n\t\t\t<div class=\"elementor-widget-wrap elementor-element-populated\">\n\t\t\t\t\t\t<section class=\"elementor-section elementor-inner-section elementor-element elementor-element-7e52c47 elementor-section-boxed elementor-section-height-default elementor-section-height-default\" data-id=\"7e52c47\" data-element_type=\"section\">\n\t\t\t\t\t\t<div class=\"elementor-container elementor-column-gap-default\">\n\t\t\t\t\t<div class=\"elementor-column elementor-col-100 elementor-inner-column elementor-element elementor-element-e526062\" data-id=\"e526062\" data-element_type=\"column\">\n\t\t\t<div class=\"elementor-widget-wrap elementor-element-populated\">\n\t\t\t\t\t\t<div class=\"elementor-element elementor-element-7145d7d elementor-widget elementor-widget-heading\" data-id=\"7145d7d\" data-element_type=\"widget\" data-widget_type=\"heading.default\">\n\t\t\t\t<div class=\"elementor-widget-container\">\n\t\t\t<style>\/*! elementor - v3.22.0 - 24-06-2024 *\/\n.elementor-heading-title{padding:0;margin:0;line-height:1}.elementor-widget-heading .elementor-heading-title[class*=elementor-size-]>a{color:inherit;font-size:inherit;line-height:inherit}.elementor-widget-heading .elementor-heading-title.elementor-size-small{font-size:15px}.elementor-widget-heading .elementor-heading-title.elementor-size-medium{font-size:19px}.elementor-widget-heading .elementor-heading-title.elementor-size-large{font-size:29px}.elementor-widget-heading .elementor-heading-title.elementor-size-xl{font-size:39px}.elementor-widget-heading .elementor-heading-title.elementor-size-xxl{font-size:59px}<\/style><h2 class=\"elementor-heading-title elementor-size-default\">AN ALLE LIEFERANTEN<\/h2>\t\t<\/div>\n\t\t\t\t<\/div>\n\t\t\t\t<div class=\"elementor-element elementor-element-3b1e0b5 elementor-widget elementor-widget-text-editor\" data-id=\"3b1e0b5\" data-element_type=\"widget\" data-widget_type=\"text-editor.default\">\n\t\t\t\t<div class=\"elementor-widget-container\">\n\t\t\t<style>\/*! elementor - v3.22.0 - 24-06-2024 *\/\n.elementor-widget-text-editor.elementor-drop-cap-view-stacked .elementor-drop-cap{background-color:#69727d;color:#fff}.elementor-widget-text-editor.elementor-drop-cap-view-framed .elementor-drop-cap{color:#69727d;border:3px solid;background-color:transparent}.elementor-widget-text-editor:not(.elementor-drop-cap-view-default) .elementor-drop-cap{margin-top:8px}.elementor-widget-text-editor:not(.elementor-drop-cap-view-default) .elementor-drop-cap-letter{width:1em;height:1em}.elementor-widget-text-editor .elementor-drop-cap{float:left;text-align:center;line-height:1;font-size:50px}.elementor-widget-text-editor .elementor-drop-cap-letter{display:inline-block}<\/style>\t\t\t\t<p>Das Gesetz vom 24. Dezember 2007, Nr 244, Art. 1 (Abs\u00e4tze 209 bis 214) die Pflicht zur Ausstellung elektronischer Rechnungen an die \u00f6ffentliche Verwaltung ein.<\/p>\n<p>Zu diesem Zwecke wird ein Austauschsystem (\u201eSistema di Interscambio&#8221;) errichtet, \u00fcber das alle Rechnungen, die an \u00f6ffentliche Verwaltungen ausgestellt werden, \u00fcbermittelt werden m\u00fcssen. Die Erstellung der Durchf\u00fchrungsbestimmungen wurde dem Wirtschafts- und Finanzministerium im Einvernehmen mit dem Ministerium f\u00fcr \u00d6ffentliche Verwaltung und Vereinfachung anvertraut.<\/p>\n<p>Das Rundschreiben Nr. 37 des Wirtschafts- und Finanzministeriums (MEF) RGS \u2013 Prot. 89719 vom 4.11.2013 sieht vor, dass ab 31. M\u00e4rz 2015 auch die \u00c4rzte- und Zahn\u00e4rztekammer keine Rechnungen mehr annehmen darf, die nicht nach dem elektronischen Verfahren gem\u00e4\u00df den Anh\u00e4ngen des Dekrets 55\/2013 ausgestellt wurden; nach Verstreichen von drei Monaten ab genanntem Datum d\u00fcrfen keine Rechnungen, auch nicht Teilrechnungen, mehr ausgezahlt werden, die nicht im elektronischen Format ausgestellt bzw. \u00fcbermittelt wurden.<\/p>\n<p>Die elektronischen Rechnungen werden der \u00c4rzte- und Zahn\u00e4rztekammer \u00fcber das Austauschsystem der Agentur der Einnahmen \u00fcbermittelt. Um den Empfang der Rechnung seitens der Verwaltungen zu gew\u00e4hrleisten, muss der Aussteller der Rechnung den Betriebskode (\u201eCodice Univoco Ufficio&#8221;) angeben, der der \u00c4rzte- und Zahn\u00e4rztekammer zugewiesen wurde.<\/p>\n<p>Um daher allen Lieferanten ab 31. M\u00e4rz 2015 die Ausstellung der elektronischen Rechnungen zu erm\u00f6glichen, teilen wir den Kode mit, der auf der elektronischen Rechnung obligatorisch anzugeben ist:<\/p>\n<p>Einheitskode (\u201eCodice Univoco Ufficio&#8221;): <strong>UFCICR<\/strong><\/p>\n<p>IPA Codex: <strong>odmcd_21<\/strong><\/p>\n<p>Split payment: <strong>wir unterliegen seit 01\/07\/2017 dem Split payment (bis 30\/06\/2017 unterlagen wir nicht dem Split Payment)<\/strong><\/p>\n<p>CIG Codex: <strong>wir unterliegen nicht dem CIG Code &#8220;stazione appaltante non soggetta agli obblighi di cui al dPCM 24 dicembre 2015&#8221;<\/strong><br \/>\nSteuernummer -MwSt. Nr.: 80009240211<\/p>\n\t\t\t\t\t\t<\/div>\n\t\t\t\t<\/div>\n\t\t\t\t\t<\/div>\n\t\t<\/div>\n\t\t\t\t\t<\/div>\n\t\t<\/section>\n\t\t\t\t<div class=\"elementor-element elementor-element-c10c877 elementor-widget-divider--view-line elementor-widget elementor-widget-divider\" data-id=\"c10c877\" data-element_type=\"widget\" data-widget_type=\"divider.default\">\n\t\t\t\t<div class=\"elementor-widget-container\">\n\t\t\t<style>\/*! elementor - v3.22.0 - 24-06-2024 *\/\n.elementor-widget-divider{--divider-border-style:none;--divider-border-width:1px;--divider-color:#0c0d0e;--divider-icon-size:20px;--divider-element-spacing:10px;--divider-pattern-height:24px;--divider-pattern-size:20px;--divider-pattern-url:none;--divider-pattern-repeat:repeat-x}.elementor-widget-divider .elementor-divider{display:flex}.elementor-widget-divider .elementor-divider__text{font-size:15px;line-height:1;max-width:95%}.elementor-widget-divider .elementor-divider__element{margin:0 var(--divider-element-spacing);flex-shrink:0}.elementor-widget-divider .elementor-icon{font-size:var(--divider-icon-size)}.elementor-widget-divider .elementor-divider-separator{display:flex;margin:0;direction:ltr}.elementor-widget-divider--view-line_icon .elementor-divider-separator,.elementor-widget-divider--view-line_text .elementor-divider-separator{align-items:center}.elementor-widget-divider--view-line_icon .elementor-divider-separator:after,.elementor-widget-divider--view-line_icon .elementor-divider-separator:before,.elementor-widget-divider--view-line_text .elementor-divider-separator:after,.elementor-widget-divider--view-line_text .elementor-divider-separator:before{display:block;content:\"\";border-block-end:0;flex-grow:1;border-block-start:var(--divider-border-width) var(--divider-border-style) var(--divider-color)}.elementor-widget-divider--element-align-left .elementor-divider .elementor-divider-separator>.elementor-divider__svg:first-of-type{flex-grow:0;flex-shrink:100}.elementor-widget-divider--element-align-left .elementor-divider-separator:before{content:none}.elementor-widget-divider--element-align-left .elementor-divider__element{margin-left:0}.elementor-widget-divider--element-align-right .elementor-divider .elementor-divider-separator>.elementor-divider__svg:last-of-type{flex-grow:0;flex-shrink:100}.elementor-widget-divider--element-align-right .elementor-divider-separator:after{content:none}.elementor-widget-divider--element-align-right .elementor-divider__element{margin-right:0}.elementor-widget-divider--element-align-start .elementor-divider .elementor-divider-separator>.elementor-divider__svg:first-of-type{flex-grow:0;flex-shrink:100}.elementor-widget-divider--element-align-start .elementor-divider-separator:before{content:none}.elementor-widget-divider--element-align-start .elementor-divider__element{margin-inline-start:0}.elementor-widget-divider--element-align-end .elementor-divider .elementor-divider-separator>.elementor-divider__svg:last-of-type{flex-grow:0;flex-shrink:100}.elementor-widget-divider--element-align-end .elementor-divider-separator:after{content:none}.elementor-widget-divider--element-align-end .elementor-divider__element{margin-inline-end:0}.elementor-widget-divider:not(.elementor-widget-divider--view-line_text):not(.elementor-widget-divider--view-line_icon) .elementor-divider-separator{border-block-start:var(--divider-border-width) var(--divider-border-style) var(--divider-color)}.elementor-widget-divider--separator-type-pattern{--divider-border-style:none}.elementor-widget-divider--separator-type-pattern.elementor-widget-divider--view-line .elementor-divider-separator,.elementor-widget-divider--separator-type-pattern:not(.elementor-widget-divider--view-line) .elementor-divider-separator:after,.elementor-widget-divider--separator-type-pattern:not(.elementor-widget-divider--view-line) .elementor-divider-separator:before,.elementor-widget-divider--separator-type-pattern:not([class*=elementor-widget-divider--view]) .elementor-divider-separator{width:100%;min-height:var(--divider-pattern-height);-webkit-mask-size:var(--divider-pattern-size) 100%;mask-size:var(--divider-pattern-size) 100%;-webkit-mask-repeat:var(--divider-pattern-repeat);mask-repeat:var(--divider-pattern-repeat);background-color:var(--divider-color);-webkit-mask-image:var(--divider-pattern-url);mask-image:var(--divider-pattern-url)}.elementor-widget-divider--no-spacing{--divider-pattern-size:auto}.elementor-widget-divider--bg-round{--divider-pattern-repeat:round}.rtl .elementor-widget-divider .elementor-divider__text{direction:rtl}.e-con-inner>.elementor-widget-divider,.e-con>.elementor-widget-divider{width:var(--container-widget-width,100%);--flex-grow:var(--container-widget-flex-grow)}<\/style>\t\t<div class=\"elementor-divider\">\n\t\t\t<span class=\"elementor-divider-separator\">\n\t\t\t\t\t\t<\/span>\n\t\t<\/div>\n\t\t\t\t<\/div>\n\t\t\t\t<\/div>\n\t\t\t\t\t<\/div>\n\t\t<\/div>\n\t\t\t\t\t<\/div>\n\t\t<\/section>\n\t\t<div class=\"elementor-element elementor-element-1b867a7 e-flex e-con-boxed elementor-invisible e-con e-parent\" data-id=\"1b867a7\" data-element_type=\"container\" data-settings=\"{&quot;animation&quot;:&quot;fadeInUp&quot;}\">\n\t\t\t\t\t<div class=\"e-con-inner\">\n\t\t\t\t<div class=\"elementor-element elementor-element-5c9c7fd elementor-widget elementor-widget-text-editor\" data-id=\"5c9c7fd\" data-element_type=\"widget\" data-widget_type=\"text-editor.default\">\n\t\t\t\t<div class=\"elementor-widget-container\">\n\t\t\t\t\t\t\t<p>30\/06\/2017 Split Payment (Aufteilung der Zahlungen)<\/p>\n<p>Das Gesetzesdekret Nr 50\/2017 Art. 1, integriert mit Gesetz 96\/2017 (ver\u00f6ffentlicht im Amtsblatt Nr. 144 vom 23.06.2017 &#8211; Ordentliche Beilage Nr. 31) f\u00fchrt die Pflicht der geteilten Zahlung auch f\u00fcr Berufsverb\u00e4nde ab dem 1. Juli 2017 ein.<\/p>\n<p>Aus diesem Grund ist es erforderlich die Rechnungsstellung wie unten beschrieben zu \u00e4ndern:<\/p>\n<p>&#8211; Die Mehrwertsteuer wird weiterhin auf der Rechnung des Anbieters ausgewiesen, wird aber nicht von diesem eingezogen und erzeugt daher keine Steuer, die an den Fiskus abgef\u00fchrt werden muss;<\/p>\n<p>&#8211; Rechnungen m\u00fcssen nicht mehr sofort mit f\u00e4lliger MwSt. ausgestellt werden, sondern unter dem Regime der &#8220;geteilten Zahlung&#8221;, indem der Informationsblock &#8220;Zusammenfassende Daten nach MwSt.-Satz und Art&#8221; ausgef\u00fcllt wird: f\u00e4llige MwSt: S (geteilte Zahlung);<\/p>\n<p>&#8211; Im Informationsblock &#8220;Zahlungsdaten&#8221; muss der Betrag ohne Mehrwertsteuer angegeben werden.<\/p>\n<p>Es ist zu beachten, dass der aufgeteilte Zahlungsmechanismus f\u00fcr Transaktionen gilt, die ab dem 1. Juli 2017 in Rechnung gestellt werden und nach diesem Datum f\u00e4llig sind. Rechnungen, die vor dem 1. Juli 2017 ausgestellt wurden, werden wie gewohnt abgerechnet, d. h. durch Abgleich von steuerpflichtigem Einkommen und Umsatzsteuer.<\/p>\n\t\t\t\t\t\t<\/div>\n\t\t\t\t<\/div>\n\t\t\t\t\t<\/div>\n\t\t\t\t<\/div>\n\t\t\t\t<\/div>\n\t\t","protected":false},"excerpt":{"rendered":"<p>F\u00fcr Lieferanten Auf dieser Seite finden Sie Inhalte, die f\u00fcr Lieferanten relevant sind. AN ALLE LIEFERANTEN Das Gesetz vom 24. Dezember 2007, Nr 244, Art. 1 (Abs\u00e4tze 209 bis 214) die Pflicht zur Ausstellung elektronischer Rechnungen an die \u00f6ffentliche Verwaltung ein. Zu diesem Zwecke wird ein Austauschsystem (\u201eSistema di Interscambio&#8221;) errichtet, \u00fcber das alle Rechnungen, [&hellip;]<\/p>\n","protected":false},"author":5,"featured_media":0,"parent":0,"menu_order":0,"comment_status":"closed","ping_status":"closed","template":"","meta":{"footnotes":""},"class_list":["post-12799","page","type-page","status-publish","hentry"],"acf":[],"yoast_head":"<!-- This site is optimized with the Yoast SEO plugin v23.0 - https:\/\/yoast.com\/wordpress\/plugins\/seo\/ -->\n<title>\u00c4rzte- und Zahn\u00e4rztekammer der Provinz Bozen<\/title>\n<meta name=\"description\" content=\"Homepage der \u00c4rzte- und Zahn\u00e4rztekammer der Provinz Bozen. Berufsverzeichnis, Infos, News, Veranstaltungen\" \/>\n<meta name=\"robots\" content=\"index, follow, max-snippet:-1, max-image-preview:large, max-video-preview:-1\" \/>\n<link rel=\"canonical\" href=\"https:\/\/29022.web.zcom.it\/de\/offentliche-verwaltungen-behorden-2\/\" \/>\n<meta property=\"og:locale\" content=\"de_DE\" \/>\n<meta property=\"og:type\" content=\"article\" \/>\n<meta property=\"og:title\" content=\"\u00c4rzte- und Zahn\u00e4rztekammer der Provinz Bozen\" \/>\n<meta property=\"og:description\" content=\"Homepage der \u00c4rzte- und Zahn\u00e4rztekammer der Provinz Bozen. Berufsverzeichnis, Infos, News, Veranstaltungen\" \/>\n<meta property=\"og:url\" content=\"https:\/\/29022.web.zcom.it\/de\/offentliche-verwaltungen-behorden-2\/\" \/>\n<meta property=\"og:site_name\" content=\"\u00c4rzte- und Zahn\u00e4rztekammer\" \/>\n<meta property=\"article:modified_time\" content=\"2024-07-03T07:18:04+00:00\" \/>\n<meta name=\"twitter:card\" content=\"summary_large_image\" \/>\n<meta name=\"twitter:label1\" content=\"Gesch\u00e4tzte Lesezeit\" \/>\n\t<meta name=\"twitter:data1\" content=\"3\u00a0Minuten\" \/>\n<script type=\"application\/ld+json\" class=\"yoast-schema-graph\">{\"@context\":\"https:\/\/schema.org\",\"@graph\":[{\"@type\":\"WebPage\",\"@id\":\"https:\/\/29022.web.zcom.it\/de\/offentliche-verwaltungen-behorden-2\/\",\"url\":\"https:\/\/29022.web.zcom.it\/de\/offentliche-verwaltungen-behorden-2\/\",\"name\":\"\u00c4rzte- und Zahn\u00e4rztekammer der Provinz Bozen\",\"isPartOf\":{\"@id\":\"https:\/\/29022.web.zcom.it\/de\/#website\"},\"datePublished\":\"2024-07-03T06:33:09+00:00\",\"dateModified\":\"2024-07-03T07:18:04+00:00\",\"description\":\"Homepage der \u00c4rzte- und Zahn\u00e4rztekammer der Provinz Bozen. Berufsverzeichnis, Infos, News, Veranstaltungen\",\"breadcrumb\":{\"@id\":\"https:\/\/29022.web.zcom.it\/de\/offentliche-verwaltungen-behorden-2\/#breadcrumb\"},\"inLanguage\":\"de\",\"potentialAction\":[{\"@type\":\"ReadAction\",\"target\":[\"https:\/\/29022.web.zcom.it\/de\/offentliche-verwaltungen-behorden-2\/\"]}]},{\"@type\":\"BreadcrumbList\",\"@id\":\"https:\/\/29022.web.zcom.it\/de\/offentliche-verwaltungen-behorden-2\/#breadcrumb\",\"itemListElement\":[{\"@type\":\"ListItem\",\"position\":1,\"name\":\"Home\",\"item\":\"https:\/\/29022.web.zcom.it\/de\/\"},{\"@type\":\"ListItem\",\"position\":2,\"name\":\"Lieferanten\"}]},{\"@type\":\"WebSite\",\"@id\":\"https:\/\/29022.web.zcom.it\/de\/#website\",\"url\":\"https:\/\/29022.web.zcom.it\/de\/\",\"name\":\"\u00c4rzte- und Zahn\u00e4rztekammer\",\"description\":\"\",\"publisher\":{\"@id\":\"https:\/\/29022.web.zcom.it\/de\/#organization\"},\"potentialAction\":[{\"@type\":\"SearchAction\",\"target\":{\"@type\":\"EntryPoint\",\"urlTemplate\":\"https:\/\/29022.web.zcom.it\/de\/?s={search_term_string}\"},\"query-input\":\"required name=search_term_string\"}],\"inLanguage\":\"de\"},{\"@type\":\"Organization\",\"@id\":\"https:\/\/29022.web.zcom.it\/de\/#organization\",\"name\":\"\u00c4rzte- und Zahn\u00e4rztekammer\",\"url\":\"https:\/\/29022.web.zcom.it\/de\/\",\"logo\":{\"@type\":\"ImageObject\",\"inLanguage\":\"de\",\"@id\":\"https:\/\/29022.web.zcom.it\/de\/#\/schema\/logo\/image\/\",\"url\":\"https:\/\/29022.web.zcom.it\/wp-content\/uploads\/2023\/09\/Logo-01-v1.svg\",\"contentUrl\":\"https:\/\/29022.web.zcom.it\/wp-content\/uploads\/2023\/09\/Logo-01-v1.svg\",\"width\":408,\"height\":90,\"caption\":\"\u00c4rzte- und Zahn\u00e4rztekammer\"},\"image\":{\"@id\":\"https:\/\/29022.web.zcom.it\/de\/#\/schema\/logo\/image\/\"}}]}<\/script>\n<!-- \/ Yoast SEO plugin. -->","yoast_head_json":{"title":"\u00c4rzte- und Zahn\u00e4rztekammer der Provinz Bozen","description":"Homepage der \u00c4rzte- und Zahn\u00e4rztekammer der Provinz Bozen. Berufsverzeichnis, Infos, News, Veranstaltungen","robots":{"index":"index","follow":"follow","max-snippet":"max-snippet:-1","max-image-preview":"max-image-preview:large","max-video-preview":"max-video-preview:-1"},"canonical":"https:\/\/29022.web.zcom.it\/de\/offentliche-verwaltungen-behorden-2\/","og_locale":"de_DE","og_type":"article","og_title":"\u00c4rzte- und Zahn\u00e4rztekammer der Provinz Bozen","og_description":"Homepage der \u00c4rzte- und Zahn\u00e4rztekammer der Provinz Bozen. Berufsverzeichnis, Infos, News, Veranstaltungen","og_url":"https:\/\/29022.web.zcom.it\/de\/offentliche-verwaltungen-behorden-2\/","og_site_name":"\u00c4rzte- und Zahn\u00e4rztekammer","article_modified_time":"2024-07-03T07:18:04+00:00","twitter_card":"summary_large_image","twitter_misc":{"Gesch\u00e4tzte Lesezeit":"3\u00a0Minuten"},"schema":{"@context":"https:\/\/schema.org","@graph":[{"@type":"WebPage","@id":"https:\/\/29022.web.zcom.it\/de\/offentliche-verwaltungen-behorden-2\/","url":"https:\/\/29022.web.zcom.it\/de\/offentliche-verwaltungen-behorden-2\/","name":"\u00c4rzte- und Zahn\u00e4rztekammer der Provinz Bozen","isPartOf":{"@id":"https:\/\/29022.web.zcom.it\/de\/#website"},"datePublished":"2024-07-03T06:33:09+00:00","dateModified":"2024-07-03T07:18:04+00:00","description":"Homepage der \u00c4rzte- und Zahn\u00e4rztekammer der Provinz Bozen. Berufsverzeichnis, Infos, News, Veranstaltungen","breadcrumb":{"@id":"https:\/\/29022.web.zcom.it\/de\/offentliche-verwaltungen-behorden-2\/#breadcrumb"},"inLanguage":"de","potentialAction":[{"@type":"ReadAction","target":["https:\/\/29022.web.zcom.it\/de\/offentliche-verwaltungen-behorden-2\/"]}]},{"@type":"BreadcrumbList","@id":"https:\/\/29022.web.zcom.it\/de\/offentliche-verwaltungen-behorden-2\/#breadcrumb","itemListElement":[{"@type":"ListItem","position":1,"name":"Home","item":"https:\/\/29022.web.zcom.it\/de\/"},{"@type":"ListItem","position":2,"name":"Lieferanten"}]},{"@type":"WebSite","@id":"https:\/\/29022.web.zcom.it\/de\/#website","url":"https:\/\/29022.web.zcom.it\/de\/","name":"\u00c4rzte- und Zahn\u00e4rztekammer","description":"","publisher":{"@id":"https:\/\/29022.web.zcom.it\/de\/#organization"},"potentialAction":[{"@type":"SearchAction","target":{"@type":"EntryPoint","urlTemplate":"https:\/\/29022.web.zcom.it\/de\/?s={search_term_string}"},"query-input":"required name=search_term_string"}],"inLanguage":"de"},{"@type":"Organization","@id":"https:\/\/29022.web.zcom.it\/de\/#organization","name":"\u00c4rzte- und Zahn\u00e4rztekammer","url":"https:\/\/29022.web.zcom.it\/de\/","logo":{"@type":"ImageObject","inLanguage":"de","@id":"https:\/\/29022.web.zcom.it\/de\/#\/schema\/logo\/image\/","url":"https:\/\/29022.web.zcom.it\/wp-content\/uploads\/2023\/09\/Logo-01-v1.svg","contentUrl":"https:\/\/29022.web.zcom.it\/wp-content\/uploads\/2023\/09\/Logo-01-v1.svg","width":408,"height":90,"caption":"\u00c4rzte- und Zahn\u00e4rztekammer"},"image":{"@id":"https:\/\/29022.web.zcom.it\/de\/#\/schema\/logo\/image\/"}}]}},"_links":{"self":[{"href":"https:\/\/29022.web.zcom.it\/de\/wp-json\/wp\/v2\/pages\/12799","targetHints":{"allow":["GET"]}}],"collection":[{"href":"https:\/\/29022.web.zcom.it\/de\/wp-json\/wp\/v2\/pages"}],"about":[{"href":"https:\/\/29022.web.zcom.it\/de\/wp-json\/wp\/v2\/types\/page"}],"author":[{"embeddable":true,"href":"https:\/\/29022.web.zcom.it\/de\/wp-json\/wp\/v2\/users\/5"}],"replies":[{"embeddable":true,"href":"https:\/\/29022.web.zcom.it\/de\/wp-json\/wp\/v2\/comments?post=12799"}],"version-history":[{"count":9,"href":"https:\/\/29022.web.zcom.it\/de\/wp-json\/wp\/v2\/pages\/12799\/revisions"}],"predecessor-version":[{"id":12872,"href":"https:\/\/29022.web.zcom.it\/de\/wp-json\/wp\/v2\/pages\/12799\/revisions\/12872"}],"wp:attachment":[{"href":"https:\/\/29022.web.zcom.it\/de\/wp-json\/wp\/v2\/media?parent=12799"}],"curies":[{"name":"wp","href":"https:\/\/api.w.org\/{rel}","templated":true}]}}