{"id":12840,"date":"2024-07-03T06:51:37","date_gmt":"2024-07-03T06:51:37","guid":{"rendered":"https:\/\/www.ordinemedici.bz.it\/?page_id=12840"},"modified":"2024-07-03T07:04:32","modified_gmt":"2024-07-03T07:04:32","slug":"pagopa","status":"publish","type":"page","link":"https:\/\/29022.web.zcom.it\/de\/pagopa\/","title":{"rendered":"PAGOPA"},"content":{"rendered":"\t\t<div data-elementor-type=\"wp-page\" data-elementor-id=\"12840\" class=\"elementor elementor-12840\" data-elementor-post-type=\"page\">\n\t\t\t\t\t\t<section data-dce-background-color=\"#052D57\" data-dce-background-overlay-image-url=\"https:\/\/www.ordinemedici.bz.it\/wp-content\/uploads\/2023\/10\/PEC-SPID-banner-01.jpg\" class=\"elementor-section elementor-top-section elementor-element elementor-element-59fa197 elementor-section-height-min-height elementor-section-items-stretch elementor-section-boxed elementor-section-height-default elementor-invisible\" data-id=\"59fa197\" data-element_type=\"section\" data-settings=\"{&quot;background_background&quot;:&quot;classic&quot;,&quot;animation&quot;:&quot;fadeInUp&quot;}\">\n\t\t\t\t\t\t\t<div class=\"elementor-background-overlay\"><\/div>\n\t\t\t\t\t\t\t<div class=\"elementor-container elementor-column-gap-default\">\n\t\t\t\t\t<div class=\"elementor-column elementor-col-100 elementor-top-column elementor-element elementor-element-bc9ce6f\" data-id=\"bc9ce6f\" data-element_type=\"column\">\n\t\t\t<div class=\"elementor-widget-wrap elementor-element-populated\">\n\t\t\t\t\t\t<div class=\"elementor-element elementor-element-116d6ec elementor-widget__width-initial dce_masking-none elementor-widget elementor-widget-image-box\" data-id=\"116d6ec\" data-element_type=\"widget\" data-widget_type=\"image-box.default\">\n\t\t\t\t<div class=\"elementor-widget-container\">\n\t\t\t<style>.elementor-widget-image-box .elementor-image-box-content{width:100%}@media (min-width:768px){.elementor-widget-image-box.elementor-position-left .elementor-image-box-wrapper,.elementor-widget-image-box.elementor-position-right .elementor-image-box-wrapper{display:flex}.elementor-widget-image-box.elementor-position-right .elementor-image-box-wrapper{text-align:end;flex-direction:row-reverse}.elementor-widget-image-box.elementor-position-left .elementor-image-box-wrapper{text-align:start;flex-direction:row}.elementor-widget-image-box.elementor-position-top .elementor-image-box-img{margin:auto}.elementor-widget-image-box.elementor-vertical-align-top .elementor-image-box-wrapper{align-items:flex-start}.elementor-widget-image-box.elementor-vertical-align-middle .elementor-image-box-wrapper{align-items:center}.elementor-widget-image-box.elementor-vertical-align-bottom .elementor-image-box-wrapper{align-items:flex-end}}@media (max-width:767px){.elementor-widget-image-box .elementor-image-box-img{margin-left:auto!important;margin-right:auto!important;margin-bottom:15px}}.elementor-widget-image-box .elementor-image-box-img{display:inline-block}.elementor-widget-image-box .elementor-image-box-title a{color:inherit}.elementor-widget-image-box .elementor-image-box-wrapper{text-align:center}.elementor-widget-image-box .elementor-image-box-description{margin:0}<\/style><div class=\"elementor-image-box-wrapper\"><div class=\"elementor-image-box-content\"><h3 class=\"elementor-image-box-title\">PagoPA<\/h3><p class=\"elementor-image-box-description\">Nachfolgend finden Sie alle notwendigen Informationen und den Link f\u00fcr die Zahlung \u00fcber PagoPA.<\/p><\/div><\/div>\t\t<\/div>\n\t\t\t\t<\/div>\n\t\t\t\t\t<\/div>\n\t\t<\/div>\n\t\t\t\t\t<\/div>\n\t\t<\/section>\n\t\t<div class=\"elementor-element elementor-element-79b3575 e-flex e-con-boxed elementor-invisible e-con e-parent\" data-id=\"79b3575\" data-element_type=\"container\" data-settings=\"{&quot;animation&quot;:&quot;fadeInUp&quot;}\">\n\t\t\t\t\t<div class=\"e-con-inner\">\n\t\t\t\t<div class=\"elementor-element elementor-element-3b71ba3 elementor-widget elementor-widget-heading\" data-id=\"3b71ba3\" data-element_type=\"widget\" data-widget_type=\"heading.default\">\n\t\t\t\t<div class=\"elementor-widget-container\">\n\t\t\t<style>\/*! elementor - v3.22.0 - 24-06-2024 *\/\n.elementor-heading-title{padding:0;margin:0;line-height:1}.elementor-widget-heading .elementor-heading-title[class*=elementor-size-]>a{color:inherit;font-size:inherit;line-height:inherit}.elementor-widget-heading .elementor-heading-title.elementor-size-small{font-size:15px}.elementor-widget-heading .elementor-heading-title.elementor-size-medium{font-size:19px}.elementor-widget-heading .elementor-heading-title.elementor-size-large{font-size:29px}.elementor-widget-heading .elementor-heading-title.elementor-size-xl{font-size:39px}.elementor-widget-heading .elementor-heading-title.elementor-size-xxl{font-size:59px}<\/style><h2 class=\"elementor-heading-title elementor-size-default\">AN ALLE MITGLIEDER<\/h2>\t\t<\/div>\n\t\t\t\t<\/div>\n\t\t\t\t<div class=\"elementor-element elementor-element-0f0f5e9 elementor-icon-list--layout-inline elementor-list-item-link-full_width elementor-widget elementor-widget-icon-list\" data-id=\"0f0f5e9\" data-element_type=\"widget\" data-widget_type=\"icon-list.default\">\n\t\t\t\t<div class=\"elementor-widget-container\">\n\t\t\t<link rel=\"stylesheet\" href=\"https:\/\/www.ordinemedici.bz.it\/wp-content\/uploads\/elementor\/css\/custom-widget-icon-list.min.css?ver=1726234125\">\t\t<ul class=\"elementor-icon-list-items elementor-inline-items\">\n\t\t\t\t\t\t\t<li class=\"elementor-icon-list-item elementor-inline-item\">\n\t\t\t\t\t\t\t\t\t\t<span class=\"elementor-icon-list-text\">Aktivierung des PagoPA-Zahlungssystem <\/span>\n\t\t\t\t\t\t\t\t\t<\/li>\n\t\t\t\t\t\t<\/ul>\n\t\t\t\t<\/div>\n\t\t\t\t<\/div>\n\t\t\t\t<div class=\"elementor-element elementor-element-3c9ade1 elementor-widget elementor-widget-text-editor\" data-id=\"3c9ade1\" data-element_type=\"widget\" data-widget_type=\"text-editor.default\">\n\t\t\t\t<div class=\"elementor-widget-container\">\n\t\t\t<style>\/*! elementor - v3.22.0 - 24-06-2024 *\/\n.elementor-widget-text-editor.elementor-drop-cap-view-stacked .elementor-drop-cap{background-color:#69727d;color:#fff}.elementor-widget-text-editor.elementor-drop-cap-view-framed .elementor-drop-cap{color:#69727d;border:3px solid;background-color:transparent}.elementor-widget-text-editor:not(.elementor-drop-cap-view-default) .elementor-drop-cap{margin-top:8px}.elementor-widget-text-editor:not(.elementor-drop-cap-view-default) .elementor-drop-cap-letter{width:1em;height:1em}.elementor-widget-text-editor .elementor-drop-cap{float:left;text-align:center;line-height:1;font-size:50px}.elementor-widget-text-editor .elementor-drop-cap-letter{display:inline-block}<\/style>\t\t\t\t<p>Die Handelskammer Bozen hat sich dem PagoPA-System gem\u00e4\u00df Art. 5, Absatz 4 des Gesetzesdekrets Nr. Nr. 82 vom 7. M\u00e4rz 2005 und nachfolgenden \u00c4nderungen angeschlossen, das den &#8220;Digitalen Verwaltungscode&#8221; (CAD) enth\u00e4lt Die Richtlinien in Bezug auf den &#8220;PagoPA&#8221;-Service wurden von der Agentur &#8220;Digitales Italien&#8221; nach R\u00fccksprache mit der \u201eBanca d&#8217;Italia&#8221; gem\u00e4\u00df Artikel 5, Absatz 4 des Gesetzesdekrets Nr. 82 vom 7. M\u00e4rz 2005 und nachfolgenden \u00c4nderungen herausgegeben, welche den &#8220;Digitalen Verwaltungskodex&#8221; (CAD) enthalten. Den Bezugsrahmen bildet insbesondere nicht nur der bereits erw\u00e4hnte Art. 5 der CAD, sondern auch Art. 15, Abs. 5-bis, der Gesetzesverordnung Nr. 179 vom 18. Oktober 2012, mit dem die Verpflichtung der \u00f6ffentlichen Verwaltungen eingef\u00fchrt wurde, Zahlungen aus jeglichem Grund anzunehmen, auch durch den Einsatz von Informations- und Kommunikationstechnologien, wobei f\u00fcr die &#8220;Erhebungs- und Zahlungst\u00e4tigkeiten die in Art. 81, Abs. 2-bis, der Gesetzesverordnung Nr. 82 vom 7. M\u00e4rz 2005 genannte technologische Plattform und die in Art. 81, Abs. 2-bis, der Gesetzesverordnung Nr. 82 vom 7. M\u00e4rz 2005 genannten Erhebungs- und Zahlungsplattformen genutzt werden. Die Inkasso- und Zahlungsplattformen der gem\u00e4\u00df Artikel 5, Absatz 3 des Gesetzesdekrets Nr. 82 vom 7. M\u00e4rz 2005 sind in diesem Sinne qualifizierten Zahlungsdienstleister&#8221;.<\/p>\n<p>Das PagoPA-System wurde geschaffen, um eine einzige Plattform f\u00fcr die Einrichtung von Zahlungen an \u00f6ffentliche Verwaltungen zu schaffen. Es soll alle anderen bisher f\u00fcr die Einziehung verwendeten Zahlungssysteme wie F24, MAV, Bank\u00fcberweisung, Postsendung und Direktinkasso ersetzen, um die Abl\u00e4ufe der \u00f6ffentlichen Verwaltungen rationalisieren und digitalisieren und damit die Kosten einzud\u00e4mmen.<\/p>\n\t\t\t\t\t\t<\/div>\n\t\t\t\t<\/div>\n\t\t\t\t<div class=\"elementor-element elementor-element-c53cd00 elementor-mobile-align-left elementor-widget elementor-widget-button\" data-id=\"c53cd00\" data-element_type=\"widget\" data-widget_type=\"button.default\">\n\t\t\t\t<div class=\"elementor-widget-container\">\n\t\t\t\t\t<div class=\"elementor-button-wrapper\">\n\t\t\t<a class=\"elementor-button elementor-button-link elementor-size-sm elementor-animation-float\" href=\"https:\/\/www.pagopa.gov.it\/\" target=\"_blank\">\n\t\t\t\t\t\t<span class=\"elementor-button-content-wrapper\">\n\t\t\t\t\t\t\t\t\t<span class=\"elementor-button-text\">SOFORT ZAHLEN<\/span>\n\t\t\t\t\t<\/span>\n\t\t\t\t\t<\/a>\n\t\t<\/div>\n\t\t\t\t<\/div>\n\t\t\t\t<\/div>\n\t\t\t\t\t<\/div>\n\t\t\t\t<\/div>\n\t\t\t\t<\/div>\n\t\t","protected":false},"excerpt":{"rendered":"<p>PagoPA Nachfolgend finden Sie alle notwendigen Informationen und den Link f\u00fcr die Zahlung \u00fcber PagoPA. AN ALLE MITGLIEDER Aktivierung des PagoPA-Zahlungssystem Die Handelskammer Bozen hat sich dem PagoPA-System gem\u00e4\u00df Art. 5, Absatz 4 des Gesetzesdekrets Nr. Nr. 82 vom 7. M\u00e4rz 2005 und nachfolgenden \u00c4nderungen angeschlossen, das den &#8220;Digitalen Verwaltungscode&#8221; (CAD) enth\u00e4lt Die Richtlinien in [&hellip;]<\/p>\n","protected":false},"author":5,"featured_media":0,"parent":0,"menu_order":0,"comment_status":"closed","ping_status":"closed","template":"elementor_header_footer","meta":{"footnotes":""},"class_list":["post-12840","page","type-page","status-publish","hentry"],"acf":[],"yoast_head":"<!-- This site is optimized with the Yoast SEO plugin v23.0 - https:\/\/yoast.com\/wordpress\/plugins\/seo\/ -->\n<title>\u00c4rzte- und Zahn\u00e4rztekammer der Provinz Bozen<\/title>\n<meta name=\"description\" content=\"Homepage der \u00c4rzte- und Zahn\u00e4rztekammer der Provinz Bozen. Berufsverzeichnis, Infos, News, Veranstaltungen Anmeldung, Informationen, Nachrichten, Veranstaltungen\" \/>\n<meta name=\"robots\" content=\"index, follow, max-snippet:-1, max-image-preview:large, max-video-preview:-1\" \/>\n<link rel=\"canonical\" href=\"https:\/\/29022.web.zcom.it\/de\/pagopa\/\" \/>\n<meta property=\"og:locale\" content=\"de_DE\" \/>\n<meta property=\"og:type\" content=\"article\" \/>\n<meta property=\"og:title\" content=\"\u00c4rzte- und Zahn\u00e4rztekammer der Provinz Bozen\" \/>\n<meta property=\"og:description\" content=\"Homepage der \u00c4rzte- und Zahn\u00e4rztekammer der Provinz Bozen. Berufsverzeichnis, Infos, News, Veranstaltungen Anmeldung, Informationen, Nachrichten, Veranstaltungen\" \/>\n<meta property=\"og:url\" content=\"https:\/\/29022.web.zcom.it\/de\/pagopa\/\" \/>\n<meta property=\"og:site_name\" content=\"\u00c4rzte- und Zahn\u00e4rztekammer\" \/>\n<meta property=\"article:modified_time\" content=\"2024-07-03T07:04:32+00:00\" \/>\n<meta name=\"twitter:card\" content=\"summary_large_image\" \/>\n<meta name=\"twitter:label1\" content=\"Gesch\u00e4tzte Lesezeit\" \/>\n\t<meta name=\"twitter:data1\" content=\"2\u00a0Minuten\" \/>\n<script type=\"application\/ld+json\" class=\"yoast-schema-graph\">{\"@context\":\"https:\/\/schema.org\",\"@graph\":[{\"@type\":\"WebPage\",\"@id\":\"https:\/\/29022.web.zcom.it\/de\/pagopa\/\",\"url\":\"https:\/\/29022.web.zcom.it\/de\/pagopa\/\",\"name\":\"\u00c4rzte- und Zahn\u00e4rztekammer der Provinz Bozen\",\"isPartOf\":{\"@id\":\"https:\/\/29022.web.zcom.it\/de\/#website\"},\"datePublished\":\"2024-07-03T06:51:37+00:00\",\"dateModified\":\"2024-07-03T07:04:32+00:00\",\"description\":\"Homepage der \u00c4rzte- und Zahn\u00e4rztekammer der Provinz Bozen. Berufsverzeichnis, Infos, News, Veranstaltungen Anmeldung, Informationen, Nachrichten, Veranstaltungen\",\"breadcrumb\":{\"@id\":\"https:\/\/29022.web.zcom.it\/de\/pagopa\/#breadcrumb\"},\"inLanguage\":\"de\",\"potentialAction\":[{\"@type\":\"ReadAction\",\"target\":[\"https:\/\/29022.web.zcom.it\/de\/pagopa\/\"]}]},{\"@type\":\"BreadcrumbList\",\"@id\":\"https:\/\/29022.web.zcom.it\/de\/pagopa\/#breadcrumb\",\"itemListElement\":[{\"@type\":\"ListItem\",\"position\":1,\"name\":\"Home\",\"item\":\"https:\/\/29022.web.zcom.it\/de\/\"},{\"@type\":\"ListItem\",\"position\":2,\"name\":\"PAGOPA\"}]},{\"@type\":\"WebSite\",\"@id\":\"https:\/\/29022.web.zcom.it\/de\/#website\",\"url\":\"https:\/\/29022.web.zcom.it\/de\/\",\"name\":\"\u00c4rzte- und Zahn\u00e4rztekammer\",\"description\":\"\",\"publisher\":{\"@id\":\"https:\/\/29022.web.zcom.it\/de\/#organization\"},\"potentialAction\":[{\"@type\":\"SearchAction\",\"target\":{\"@type\":\"EntryPoint\",\"urlTemplate\":\"https:\/\/29022.web.zcom.it\/de\/?s={search_term_string}\"},\"query-input\":\"required name=search_term_string\"}],\"inLanguage\":\"de\"},{\"@type\":\"Organization\",\"@id\":\"https:\/\/29022.web.zcom.it\/de\/#organization\",\"name\":\"\u00c4rzte- und Zahn\u00e4rztekammer\",\"url\":\"https:\/\/29022.web.zcom.it\/de\/\",\"logo\":{\"@type\":\"ImageObject\",\"inLanguage\":\"de\",\"@id\":\"https:\/\/29022.web.zcom.it\/de\/#\/schema\/logo\/image\/\",\"url\":\"https:\/\/29022.web.zcom.it\/wp-content\/uploads\/2023\/09\/Logo-01-v1.svg\",\"contentUrl\":\"https:\/\/29022.web.zcom.it\/wp-content\/uploads\/2023\/09\/Logo-01-v1.svg\",\"width\":408,\"height\":90,\"caption\":\"\u00c4rzte- und Zahn\u00e4rztekammer\"},\"image\":{\"@id\":\"https:\/\/29022.web.zcom.it\/de\/#\/schema\/logo\/image\/\"}}]}<\/script>\n<!-- \/ Yoast SEO plugin. -->","yoast_head_json":{"title":"\u00c4rzte- und Zahn\u00e4rztekammer der Provinz Bozen","description":"Homepage der \u00c4rzte- und Zahn\u00e4rztekammer der Provinz Bozen. Berufsverzeichnis, Infos, News, Veranstaltungen Anmeldung, Informationen, Nachrichten, Veranstaltungen","robots":{"index":"index","follow":"follow","max-snippet":"max-snippet:-1","max-image-preview":"max-image-preview:large","max-video-preview":"max-video-preview:-1"},"canonical":"https:\/\/29022.web.zcom.it\/de\/pagopa\/","og_locale":"de_DE","og_type":"article","og_title":"\u00c4rzte- und Zahn\u00e4rztekammer der Provinz Bozen","og_description":"Homepage der \u00c4rzte- und Zahn\u00e4rztekammer der Provinz Bozen. Berufsverzeichnis, Infos, News, Veranstaltungen Anmeldung, Informationen, Nachrichten, Veranstaltungen","og_url":"https:\/\/29022.web.zcom.it\/de\/pagopa\/","og_site_name":"\u00c4rzte- und Zahn\u00e4rztekammer","article_modified_time":"2024-07-03T07:04:32+00:00","twitter_card":"summary_large_image","twitter_misc":{"Gesch\u00e4tzte Lesezeit":"2\u00a0Minuten"},"schema":{"@context":"https:\/\/schema.org","@graph":[{"@type":"WebPage","@id":"https:\/\/29022.web.zcom.it\/de\/pagopa\/","url":"https:\/\/29022.web.zcom.it\/de\/pagopa\/","name":"\u00c4rzte- und Zahn\u00e4rztekammer der Provinz Bozen","isPartOf":{"@id":"https:\/\/29022.web.zcom.it\/de\/#website"},"datePublished":"2024-07-03T06:51:37+00:00","dateModified":"2024-07-03T07:04:32+00:00","description":"Homepage der \u00c4rzte- und Zahn\u00e4rztekammer der Provinz Bozen. Berufsverzeichnis, Infos, News, Veranstaltungen Anmeldung, Informationen, Nachrichten, Veranstaltungen","breadcrumb":{"@id":"https:\/\/29022.web.zcom.it\/de\/pagopa\/#breadcrumb"},"inLanguage":"de","potentialAction":[{"@type":"ReadAction","target":["https:\/\/29022.web.zcom.it\/de\/pagopa\/"]}]},{"@type":"BreadcrumbList","@id":"https:\/\/29022.web.zcom.it\/de\/pagopa\/#breadcrumb","itemListElement":[{"@type":"ListItem","position":1,"name":"Home","item":"https:\/\/29022.web.zcom.it\/de\/"},{"@type":"ListItem","position":2,"name":"PAGOPA"}]},{"@type":"WebSite","@id":"https:\/\/29022.web.zcom.it\/de\/#website","url":"https:\/\/29022.web.zcom.it\/de\/","name":"\u00c4rzte- und Zahn\u00e4rztekammer","description":"","publisher":{"@id":"https:\/\/29022.web.zcom.it\/de\/#organization"},"potentialAction":[{"@type":"SearchAction","target":{"@type":"EntryPoint","urlTemplate":"https:\/\/29022.web.zcom.it\/de\/?s={search_term_string}"},"query-input":"required name=search_term_string"}],"inLanguage":"de"},{"@type":"Organization","@id":"https:\/\/29022.web.zcom.it\/de\/#organization","name":"\u00c4rzte- und Zahn\u00e4rztekammer","url":"https:\/\/29022.web.zcom.it\/de\/","logo":{"@type":"ImageObject","inLanguage":"de","@id":"https:\/\/29022.web.zcom.it\/de\/#\/schema\/logo\/image\/","url":"https:\/\/29022.web.zcom.it\/wp-content\/uploads\/2023\/09\/Logo-01-v1.svg","contentUrl":"https:\/\/29022.web.zcom.it\/wp-content\/uploads\/2023\/09\/Logo-01-v1.svg","width":408,"height":90,"caption":"\u00c4rzte- und Zahn\u00e4rztekammer"},"image":{"@id":"https:\/\/29022.web.zcom.it\/de\/#\/schema\/logo\/image\/"}}]}},"_links":{"self":[{"href":"https:\/\/29022.web.zcom.it\/de\/wp-json\/wp\/v2\/pages\/12840","targetHints":{"allow":["GET"]}}],"collection":[{"href":"https:\/\/29022.web.zcom.it\/de\/wp-json\/wp\/v2\/pages"}],"about":[{"href":"https:\/\/29022.web.zcom.it\/de\/wp-json\/wp\/v2\/types\/page"}],"author":[{"embeddable":true,"href":"https:\/\/29022.web.zcom.it\/de\/wp-json\/wp\/v2\/users\/5"}],"replies":[{"embeddable":true,"href":"https:\/\/29022.web.zcom.it\/de\/wp-json\/wp\/v2\/comments?post=12840"}],"version-history":[{"count":4,"href":"https:\/\/29022.web.zcom.it\/de\/wp-json\/wp\/v2\/pages\/12840\/revisions"}],"predecessor-version":[{"id":12856,"href":"https:\/\/29022.web.zcom.it\/de\/wp-json\/wp\/v2\/pages\/12840\/revisions\/12856"}],"wp:attachment":[{"href":"https:\/\/29022.web.zcom.it\/de\/wp-json\/wp\/v2\/media?parent=12840"}],"curies":[{"name":"wp","href":"https:\/\/api.w.org\/{rel}","templated":true}]}}