{"id":12890,"date":"2024-06-27T14:12:03","date_gmt":"2024-06-27T14:12:03","guid":{"rendered":"https:\/\/www.ordinemedici.bz.it\/durchfuehrung-von-pnrr-massnahmen\/"},"modified":"2024-07-05T06:42:37","modified_gmt":"2024-07-05T06:42:37","slug":"durchfuehrung-von-pnrr-massnahmen","status":"publish","type":"page","link":"https:\/\/29022.web.zcom.it\/de\/durchfuehrung-von-pnrr-massnahmen\/","title":{"rendered":"Durchf\u00fchrung von PNRR-Massnahmen"},"content":{"rendered":"\t\t<div data-elementor-type=\"wp-page\" data-elementor-id=\"12890\" class=\"elementor elementor-12890 elementor-12777\" data-elementor-post-type=\"page\">\n\t\t\t\t\t\t<section class=\"elementor-section elementor-top-section elementor-element elementor-element-36850d3 elementor-section-boxed elementor-section-height-default elementor-section-height-default elementor-invisible\" data-id=\"36850d3\" data-element_type=\"section\" data-settings=\"{&quot;animation&quot;:&quot;fadeInUp&quot;}\">\n\t\t\t\t\t\t<div class=\"elementor-container elementor-column-gap-default\">\n\t\t\t\t\t<div class=\"elementor-column elementor-col-100 elementor-top-column elementor-element elementor-element-bb0bf95\" data-id=\"bb0bf95\" data-element_type=\"column\">\n\t\t\t<div class=\"elementor-widget-wrap elementor-element-populated\">\n\t\t\t\t\t\t<section class=\"elementor-section elementor-inner-section elementor-element elementor-element-76a31ff elementor-section-boxed elementor-section-height-default elementor-section-height-default\" data-id=\"76a31ff\" data-element_type=\"section\">\n\t\t\t\t\t\t<div class=\"elementor-container elementor-column-gap-default\">\n\t\t\t\t\t<div class=\"elementor-column elementor-col-100 elementor-inner-column elementor-element elementor-element-fc845c6\" data-id=\"fc845c6\" data-element_type=\"column\">\n\t\t\t<div class=\"elementor-widget-wrap elementor-element-populated\">\n\t\t\t\t\t\t<div class=\"elementor-element elementor-element-bd38926 elementor-widget elementor-widget-heading\" data-id=\"bd38926\" data-element_type=\"widget\" data-widget_type=\"heading.default\">\n\t\t\t\t<div class=\"elementor-widget-container\">\n\t\t\t<style>\/*! elementor - v3.22.0 - 24-06-2024 *\/\n.elementor-heading-title{padding:0;margin:0;line-height:1}.elementor-widget-heading .elementor-heading-title[class*=elementor-size-]>a{color:inherit;font-size:inherit;line-height:inherit}.elementor-widget-heading .elementor-heading-title.elementor-size-small{font-size:15px}.elementor-widget-heading .elementor-heading-title.elementor-size-medium{font-size:19px}.elementor-widget-heading .elementor-heading-title.elementor-size-large{font-size:29px}.elementor-widget-heading .elementor-heading-title.elementor-size-xl{font-size:39px}.elementor-widget-heading .elementor-heading-title.elementor-size-xxl{font-size:59px}<\/style><h2 class=\"elementor-heading-title elementor-size-default\">Der nationale Plan f\u00fcr Aufbau und Resilienz<\/h2>\t\t<\/div>\n\t\t\t\t<\/div>\n\t\t\t\t<div class=\"elementor-element elementor-element-cf15665 dce_masking-none elementor-widget elementor-widget-image\" data-id=\"cf15665\" data-element_type=\"widget\" data-widget_type=\"image.default\">\n\t\t\t\t<div class=\"elementor-widget-container\">\n\t\t\t<style>\/*! elementor - v3.22.0 - 24-06-2024 *\/\n.elementor-widget-image{text-align:center}.elementor-widget-image a{display:inline-block}.elementor-widget-image a img[src$=\".svg\"]{width:48px}.elementor-widget-image img{vertical-align:middle;display:inline-block}<\/style>\t\t\t\t\t\t\t\t\t\t<img fetchpriority=\"high\" decoding=\"async\" width=\"500\" height=\"200\" src=\"https:\/\/29022.web.zcom.it\/wp-content\/uploads\/2024\/07\/unione-europea-next-generation-logo-600x200-1.webp\" class=\"attachment-large size-large wp-image-12882\" alt=\"\" srcset=\"https:\/\/29022.web.zcom.it\/wp-content\/uploads\/2024\/07\/unione-europea-next-generation-logo-600x200-1.webp 500w, https:\/\/29022.web.zcom.it\/wp-content\/uploads\/2024\/07\/unione-europea-next-generation-logo-600x200-1-300x120.webp 300w\" sizes=\"(max-width: 500px) 100vw, 500px\" \/>\t\t\t\t\t\t\t\t\t\t\t\t\t<\/div>\n\t\t\t\t<\/div>\n\t\t\t\t<div class=\"elementor-element elementor-element-db5bcb3 elementor-widget elementor-widget-text-editor\" data-id=\"db5bcb3\" data-element_type=\"widget\" data-widget_type=\"text-editor.default\">\n\t\t\t\t<div class=\"elementor-widget-container\">\n\t\t\t<style>\/*! elementor - v3.22.0 - 24-06-2024 *\/\n.elementor-widget-text-editor.elementor-drop-cap-view-stacked .elementor-drop-cap{background-color:#69727d;color:#fff}.elementor-widget-text-editor.elementor-drop-cap-view-framed .elementor-drop-cap{color:#69727d;border:3px solid;background-color:transparent}.elementor-widget-text-editor:not(.elementor-drop-cap-view-default) .elementor-drop-cap{margin-top:8px}.elementor-widget-text-editor:not(.elementor-drop-cap-view-default) .elementor-drop-cap-letter{width:1em;height:1em}.elementor-widget-text-editor .elementor-drop-cap{float:left;text-align:center;line-height:1;font-size:50px}.elementor-widget-text-editor .elementor-drop-cap-letter{display:inline-block}<\/style>\t\t\t\t<p><a href=\"https:\/\/www.italiadomani.gov.it\/content\/sogei-ng\/it\/en\/home.html\" target=\"_blank\" rel=\"noopener\">Der nationale Plan f\u00fcr Aufbau und Resilienz<\/a>\u00a0(PNRR) ist das strategische Dokument, in dem das Investitions- und Reformprogramm festgelegt ist, das die italienische Regierung ausgearbeitet hat, um die durch die Covid19-Pandemie ausgel\u00f6ste Krise zu bew\u00e4ltigen und das Land wieder auf einen nachhaltigen und integrativen Wachstumskurs zu bringen, wobei die im Rahmen der europ\u00e4ischen Initiative\u00a0<strong>Next Generation Eu<\/strong>\u00a0(NGEU) bereitgestellten Mittel genutzt werden.<\/p>\n<p>Die NGEU zielt darauf ab, einen robusten Aufschwung der Wirtschaft unter Ber\u00fccksichtigung des \u00f6kologischen \u00dcbergangs, der Digitalisierung, der Wettbewerbsf\u00e4higkeit, der Lehre und der sozialen, territorialen und geschlechtsspezifischen Integration zu f\u00f6rdern.<\/p>\n<p>Im Zusammenhang mit dem Projekt \u201e1.4.4 &#8211; SPID CIE &#8211; \u00d6ffentliche Verwaltungen au\u00dfer Gemeinden und Schulen &#8211; Mai 2022&#8243;, das durch das Dekret Nr. 49 &#8211; 1 vom 30\/05\/2022 des Ministeriums f\u00fcr digitale Umstellung zur Finanzierung zugelassen wurde,\u00a0<strong>hat die \u00c4rzte- und Zahn\u00e4rztekammer von Bozen die Auszahlung von Mitteln in H\u00f6he von 14.000,00 \u20ac<\/strong>\u00a0aus den in der \u00f6ffentlichen Ausschreibung &#8220;Bekanntmachung Ma\u00dfnahme 1.4.4 &#8211; Ausweitung der Nutzung nationaler digitaler Identit\u00e4tsplattformen &#8211; SPID CIE &#8211; \u00d6ffentliche Verwaltungen au\u00dfer Gemeinden und Bildungseinrichtungen Mai 2022&#8221;, Mission 1 Komponente 1 des (PNRR), finanziert von der Europ\u00e4ischen Union im Rahmen der Initiative NextGenerationEU &#8211; genannten Mitteln beantragt und erhalten.<\/p>\n\t\t\t\t\t\t<\/div>\n\t\t\t\t<\/div>\n\t\t\t\t\t<\/div>\n\t\t<\/div>\n\t\t\t\t\t<\/div>\n\t\t<\/section>\n\t\t\t\t\t<\/div>\n\t\t<\/div>\n\t\t\t\t\t<\/div>\n\t\t<\/section>\n\t\t<div class=\"elementor-element elementor-element-abb9ce9 e-flex e-con-boxed e-con e-parent\" data-id=\"abb9ce9\" data-element_type=\"container\">\n\t\t\t\t\t<div class=\"e-con-inner\">\n\t\t<div class=\"elementor-element elementor-element-51978c8 e-con-full e-flex e-con e-child\" data-id=\"51978c8\" data-element_type=\"container\">\n\t\t\t\t<\/div>\n\t\t<div class=\"elementor-element elementor-element-9c66864 e-con-full e-flex e-con e-child\" data-id=\"9c66864\" data-element_type=\"container\">\n\t\t\t\t<\/div>\n\t\t\t\t\t<\/div>\n\t\t\t\t<\/div>\n\t\t\t\t<\/div>\n\t\t","protected":false},"excerpt":{"rendered":"<p>Der nationale Plan f\u00fcr Aufbau und Resilienz Der nationale Plan f\u00fcr Aufbau und Resilienz\u00a0(PNRR) ist das strategische Dokument, in dem das Investitions- und Reformprogramm festgelegt ist, das die italienische Regierung ausgearbeitet hat, um die durch die Covid19-Pandemie ausgel\u00f6ste Krise zu bew\u00e4ltigen und das Land wieder auf einen nachhaltigen und integrativen Wachstumskurs zu bringen, wobei die [&hellip;]<\/p>\n","protected":false},"author":2,"featured_media":0,"parent":0,"menu_order":0,"comment_status":"closed","ping_status":"closed","template":"","meta":{"footnotes":""},"class_list":["post-12890","page","type-page","status-publish","hentry"],"acf":[],"yoast_head":"<!-- This site is optimized with the Yoast SEO plugin v23.0 - https:\/\/yoast.com\/wordpress\/plugins\/seo\/ -->\n<title>Durchf\u00fchrung von PNRR-Massnahmen - \u00c4rzte- und Zahn\u00e4rztekammer<\/title>\n<meta name=\"robots\" content=\"index, follow, max-snippet:-1, max-image-preview:large, max-video-preview:-1\" \/>\n<link rel=\"canonical\" href=\"https:\/\/29022.web.zcom.it\/de\/durchfuehrung-von-pnrr-massnahmen\/\" \/>\n<meta property=\"og:locale\" content=\"de_DE\" \/>\n<meta property=\"og:type\" content=\"article\" \/>\n<meta property=\"og:title\" content=\"Durchf\u00fchrung von PNRR-Massnahmen - \u00c4rzte- und Zahn\u00e4rztekammer\" \/>\n<meta property=\"og:description\" content=\"Der nationale Plan f\u00fcr Aufbau und Resilienz Der nationale Plan f\u00fcr Aufbau und Resilienz\u00a0(PNRR) ist das strategische Dokument, in dem das Investitions- und Reformprogramm festgelegt ist, das die italienische Regierung ausgearbeitet hat, um die durch die Covid19-Pandemie ausgel\u00f6ste Krise zu bew\u00e4ltigen und das Land wieder auf einen nachhaltigen und integrativen Wachstumskurs zu bringen, wobei die [&hellip;]\" \/>\n<meta property=\"og:url\" content=\"https:\/\/29022.web.zcom.it\/de\/durchfuehrung-von-pnrr-massnahmen\/\" \/>\n<meta property=\"og:site_name\" content=\"\u00c4rzte- und Zahn\u00e4rztekammer\" \/>\n<meta property=\"article:modified_time\" content=\"2024-07-05T06:42:37+00:00\" \/>\n<meta property=\"og:image\" content=\"https:\/\/www.ordinemedici.bz.it\/wp-content\/uploads\/2024\/07\/unione-europea-next-generation-logo-600x200-1.webp\" \/>\n<meta name=\"twitter:card\" content=\"summary_large_image\" \/>\n<meta name=\"twitter:label1\" content=\"Gesch\u00e4tzte Lesezeit\" \/>\n\t<meta name=\"twitter:data1\" content=\"1\u00a0Minute\" \/>\n<script type=\"application\/ld+json\" class=\"yoast-schema-graph\">{\"@context\":\"https:\/\/schema.org\",\"@graph\":[{\"@type\":\"WebPage\",\"@id\":\"https:\/\/29022.web.zcom.it\/de\/durchfuehrung-von-pnrr-massnahmen\/\",\"url\":\"https:\/\/29022.web.zcom.it\/de\/durchfuehrung-von-pnrr-massnahmen\/\",\"name\":\"Durchf\u00fchrung von PNRR-Massnahmen - \u00c4rzte- und Zahn\u00e4rztekammer\",\"isPartOf\":{\"@id\":\"https:\/\/29022.web.zcom.it\/de\/#website\"},\"primaryImageOfPage\":{\"@id\":\"https:\/\/29022.web.zcom.it\/de\/durchfuehrung-von-pnrr-massnahmen\/#primaryimage\"},\"image\":{\"@id\":\"https:\/\/29022.web.zcom.it\/de\/durchfuehrung-von-pnrr-massnahmen\/#primaryimage\"},\"thumbnailUrl\":\"https:\/\/www.ordinemedici.bz.it\/wp-content\/uploads\/2024\/07\/unione-europea-next-generation-logo-600x200-1.webp\",\"datePublished\":\"2024-06-27T14:12:03+00:00\",\"dateModified\":\"2024-07-05T06:42:37+00:00\",\"breadcrumb\":{\"@id\":\"https:\/\/29022.web.zcom.it\/de\/durchfuehrung-von-pnrr-massnahmen\/#breadcrumb\"},\"inLanguage\":\"de\",\"potentialAction\":[{\"@type\":\"ReadAction\",\"target\":[\"https:\/\/29022.web.zcom.it\/de\/durchfuehrung-von-pnrr-massnahmen\/\"]}]},{\"@type\":\"ImageObject\",\"inLanguage\":\"de\",\"@id\":\"https:\/\/29022.web.zcom.it\/de\/durchfuehrung-von-pnrr-massnahmen\/#primaryimage\",\"url\":\"https:\/\/www.ordinemedici.bz.it\/wp-content\/uploads\/2024\/07\/unione-europea-next-generation-logo-600x200-1.webp\",\"contentUrl\":\"https:\/\/www.ordinemedici.bz.it\/wp-content\/uploads\/2024\/07\/unione-europea-next-generation-logo-600x200-1.webp\"},{\"@type\":\"BreadcrumbList\",\"@id\":\"https:\/\/29022.web.zcom.it\/de\/durchfuehrung-von-pnrr-massnahmen\/#breadcrumb\",\"itemListElement\":[{\"@type\":\"ListItem\",\"position\":1,\"name\":\"Home\",\"item\":\"https:\/\/29022.web.zcom.it\/de\/\"},{\"@type\":\"ListItem\",\"position\":2,\"name\":\"Durchf\u00fchrung von PNRR-Massnahmen\"}]},{\"@type\":\"WebSite\",\"@id\":\"https:\/\/29022.web.zcom.it\/de\/#website\",\"url\":\"https:\/\/29022.web.zcom.it\/de\/\",\"name\":\"\u00c4rzte- und Zahn\u00e4rztekammer\",\"description\":\"\",\"publisher\":{\"@id\":\"https:\/\/29022.web.zcom.it\/de\/#organization\"},\"potentialAction\":[{\"@type\":\"SearchAction\",\"target\":{\"@type\":\"EntryPoint\",\"urlTemplate\":\"https:\/\/29022.web.zcom.it\/de\/?s={search_term_string}\"},\"query-input\":\"required name=search_term_string\"}],\"inLanguage\":\"de\"},{\"@type\":\"Organization\",\"@id\":\"https:\/\/29022.web.zcom.it\/de\/#organization\",\"name\":\"\u00c4rzte- und Zahn\u00e4rztekammer\",\"url\":\"https:\/\/29022.web.zcom.it\/de\/\",\"logo\":{\"@type\":\"ImageObject\",\"inLanguage\":\"de\",\"@id\":\"https:\/\/29022.web.zcom.it\/de\/#\/schema\/logo\/image\/\",\"url\":\"https:\/\/29022.web.zcom.it\/wp-content\/uploads\/2023\/09\/Logo-01-v1.svg\",\"contentUrl\":\"https:\/\/29022.web.zcom.it\/wp-content\/uploads\/2023\/09\/Logo-01-v1.svg\",\"width\":408,\"height\":90,\"caption\":\"\u00c4rzte- und Zahn\u00e4rztekammer\"},\"image\":{\"@id\":\"https:\/\/29022.web.zcom.it\/de\/#\/schema\/logo\/image\/\"}}]}<\/script>\n<!-- \/ Yoast SEO plugin. -->","yoast_head_json":{"title":"Durchf\u00fchrung von PNRR-Massnahmen - \u00c4rzte- und Zahn\u00e4rztekammer","robots":{"index":"index","follow":"follow","max-snippet":"max-snippet:-1","max-image-preview":"max-image-preview:large","max-video-preview":"max-video-preview:-1"},"canonical":"https:\/\/29022.web.zcom.it\/de\/durchfuehrung-von-pnrr-massnahmen\/","og_locale":"de_DE","og_type":"article","og_title":"Durchf\u00fchrung von PNRR-Massnahmen - \u00c4rzte- und Zahn\u00e4rztekammer","og_description":"Der nationale Plan f\u00fcr Aufbau und Resilienz Der nationale Plan f\u00fcr Aufbau und Resilienz\u00a0(PNRR) ist das strategische Dokument, in dem das Investitions- und Reformprogramm festgelegt ist, das die italienische Regierung ausgearbeitet hat, um die durch die Covid19-Pandemie ausgel\u00f6ste Krise zu bew\u00e4ltigen und das Land wieder auf einen nachhaltigen und integrativen Wachstumskurs zu bringen, wobei die [&hellip;]","og_url":"https:\/\/29022.web.zcom.it\/de\/durchfuehrung-von-pnrr-massnahmen\/","og_site_name":"\u00c4rzte- und Zahn\u00e4rztekammer","article_modified_time":"2024-07-05T06:42:37+00:00","og_image":[{"url":"https:\/\/www.ordinemedici.bz.it\/wp-content\/uploads\/2024\/07\/unione-europea-next-generation-logo-600x200-1.webp"}],"twitter_card":"summary_large_image","twitter_misc":{"Gesch\u00e4tzte Lesezeit":"1\u00a0Minute"},"schema":{"@context":"https:\/\/schema.org","@graph":[{"@type":"WebPage","@id":"https:\/\/29022.web.zcom.it\/de\/durchfuehrung-von-pnrr-massnahmen\/","url":"https:\/\/29022.web.zcom.it\/de\/durchfuehrung-von-pnrr-massnahmen\/","name":"Durchf\u00fchrung von PNRR-Massnahmen - \u00c4rzte- und Zahn\u00e4rztekammer","isPartOf":{"@id":"https:\/\/29022.web.zcom.it\/de\/#website"},"primaryImageOfPage":{"@id":"https:\/\/29022.web.zcom.it\/de\/durchfuehrung-von-pnrr-massnahmen\/#primaryimage"},"image":{"@id":"https:\/\/29022.web.zcom.it\/de\/durchfuehrung-von-pnrr-massnahmen\/#primaryimage"},"thumbnailUrl":"https:\/\/www.ordinemedici.bz.it\/wp-content\/uploads\/2024\/07\/unione-europea-next-generation-logo-600x200-1.webp","datePublished":"2024-06-27T14:12:03+00:00","dateModified":"2024-07-05T06:42:37+00:00","breadcrumb":{"@id":"https:\/\/29022.web.zcom.it\/de\/durchfuehrung-von-pnrr-massnahmen\/#breadcrumb"},"inLanguage":"de","potentialAction":[{"@type":"ReadAction","target":["https:\/\/29022.web.zcom.it\/de\/durchfuehrung-von-pnrr-massnahmen\/"]}]},{"@type":"ImageObject","inLanguage":"de","@id":"https:\/\/29022.web.zcom.it\/de\/durchfuehrung-von-pnrr-massnahmen\/#primaryimage","url":"https:\/\/www.ordinemedici.bz.it\/wp-content\/uploads\/2024\/07\/unione-europea-next-generation-logo-600x200-1.webp","contentUrl":"https:\/\/www.ordinemedici.bz.it\/wp-content\/uploads\/2024\/07\/unione-europea-next-generation-logo-600x200-1.webp"},{"@type":"BreadcrumbList","@id":"https:\/\/29022.web.zcom.it\/de\/durchfuehrung-von-pnrr-massnahmen\/#breadcrumb","itemListElement":[{"@type":"ListItem","position":1,"name":"Home","item":"https:\/\/29022.web.zcom.it\/de\/"},{"@type":"ListItem","position":2,"name":"Durchf\u00fchrung von PNRR-Massnahmen"}]},{"@type":"WebSite","@id":"https:\/\/29022.web.zcom.it\/de\/#website","url":"https:\/\/29022.web.zcom.it\/de\/","name":"\u00c4rzte- und Zahn\u00e4rztekammer","description":"","publisher":{"@id":"https:\/\/29022.web.zcom.it\/de\/#organization"},"potentialAction":[{"@type":"SearchAction","target":{"@type":"EntryPoint","urlTemplate":"https:\/\/29022.web.zcom.it\/de\/?s={search_term_string}"},"query-input":"required name=search_term_string"}],"inLanguage":"de"},{"@type":"Organization","@id":"https:\/\/29022.web.zcom.it\/de\/#organization","name":"\u00c4rzte- und Zahn\u00e4rztekammer","url":"https:\/\/29022.web.zcom.it\/de\/","logo":{"@type":"ImageObject","inLanguage":"de","@id":"https:\/\/29022.web.zcom.it\/de\/#\/schema\/logo\/image\/","url":"https:\/\/29022.web.zcom.it\/wp-content\/uploads\/2023\/09\/Logo-01-v1.svg","contentUrl":"https:\/\/29022.web.zcom.it\/wp-content\/uploads\/2023\/09\/Logo-01-v1.svg","width":408,"height":90,"caption":"\u00c4rzte- und Zahn\u00e4rztekammer"},"image":{"@id":"https:\/\/29022.web.zcom.it\/de\/#\/schema\/logo\/image\/"}}]}},"_links":{"self":[{"href":"https:\/\/29022.web.zcom.it\/de\/wp-json\/wp\/v2\/pages\/12890","targetHints":{"allow":["GET"]}}],"collection":[{"href":"https:\/\/29022.web.zcom.it\/de\/wp-json\/wp\/v2\/pages"}],"about":[{"href":"https:\/\/29022.web.zcom.it\/de\/wp-json\/wp\/v2\/types\/page"}],"author":[{"embeddable":true,"href":"https:\/\/29022.web.zcom.it\/de\/wp-json\/wp\/v2\/users\/2"}],"replies":[{"embeddable":true,"href":"https:\/\/29022.web.zcom.it\/de\/wp-json\/wp\/v2\/comments?post=12890"}],"version-history":[{"count":1,"href":"https:\/\/29022.web.zcom.it\/de\/wp-json\/wp\/v2\/pages\/12890\/revisions"}],"predecessor-version":[{"id":12891,"href":"https:\/\/29022.web.zcom.it\/de\/wp-json\/wp\/v2\/pages\/12890\/revisions\/12891"}],"wp:attachment":[{"href":"https:\/\/29022.web.zcom.it\/de\/wp-json\/wp\/v2\/media?parent=12890"}],"curies":[{"name":"wp","href":"https:\/\/api.w.org\/{rel}","templated":true}]}}