{"id":3438,"date":"2023-10-05T20:34:09","date_gmt":"2023-10-05T20:34:09","guid":{"rendered":"https:\/\/www.ordinemedici.bz.it\/veranstaltungen\/"},"modified":"2024-06-22T11:03:58","modified_gmt":"2024-06-22T11:03:58","slug":"veranstaltungen","status":"publish","type":"page","link":"https:\/\/29022.web.zcom.it\/de\/veranstaltungen\/","title":{"rendered":"VERANSTALTUNGEN"},"content":{"rendered":"\t\t<div data-elementor-type=\"wp-page\" data-elementor-id=\"3438\" class=\"elementor elementor-3438 elementor-1040\" data-elementor-post-type=\"page\">\n\t\t\t\t\t\t<section data-dce-background-overlay-image-url=\"https:\/\/www.ordinemedici.bz.it\/wp-content\/uploads\/2023\/10\/01-AdobeStock_490692746_Preview.jpg\" class=\"elementor-section elementor-top-section elementor-element elementor-element-59fa197 elementor-section-height-min-height elementor-section-items-stretch elementor-section-boxed elementor-section-height-default elementor-invisible\" data-id=\"59fa197\" data-element_type=\"section\" data-settings=\"{&quot;background_background&quot;:&quot;classic&quot;,&quot;animation&quot;:&quot;fadeInUp&quot;}\">\n\t\t\t\t\t\t\t<div class=\"elementor-background-overlay\"><\/div>\n\t\t\t\t\t\t\t<div class=\"elementor-container elementor-column-gap-default\">\n\t\t\t\t\t<div class=\"elementor-column elementor-col-50 elementor-top-column elementor-element elementor-element-bc9ce6f\" data-id=\"bc9ce6f\" data-element_type=\"column\">\n\t\t\t<div class=\"elementor-widget-wrap elementor-element-populated\">\n\t\t\t\t\t\t<div class=\"elementor-element elementor-element-116d6ec dce_masking-none elementor-widget elementor-widget-image-box\" data-id=\"116d6ec\" data-element_type=\"widget\" data-widget_type=\"image-box.default\">\n\t\t\t\t<div class=\"elementor-widget-container\">\n\t\t\t<style>.elementor-widget-image-box .elementor-image-box-content{width:100%}@media (min-width:768px){.elementor-widget-image-box.elementor-position-left .elementor-image-box-wrapper,.elementor-widget-image-box.elementor-position-right .elementor-image-box-wrapper{display:flex}.elementor-widget-image-box.elementor-position-right .elementor-image-box-wrapper{text-align:end;flex-direction:row-reverse}.elementor-widget-image-box.elementor-position-left .elementor-image-box-wrapper{text-align:start;flex-direction:row}.elementor-widget-image-box.elementor-position-top .elementor-image-box-img{margin:auto}.elementor-widget-image-box.elementor-vertical-align-top .elementor-image-box-wrapper{align-items:flex-start}.elementor-widget-image-box.elementor-vertical-align-middle .elementor-image-box-wrapper{align-items:center}.elementor-widget-image-box.elementor-vertical-align-bottom .elementor-image-box-wrapper{align-items:flex-end}}@media (max-width:767px){.elementor-widget-image-box .elementor-image-box-img{margin-left:auto!important;margin-right:auto!important;margin-bottom:15px}}.elementor-widget-image-box .elementor-image-box-img{display:inline-block}.elementor-widget-image-box .elementor-image-box-title a{color:inherit}.elementor-widget-image-box .elementor-image-box-wrapper{text-align:center}.elementor-widget-image-box .elementor-image-box-description{margin:0}<\/style><div class=\"elementor-image-box-wrapper\"><div class=\"elementor-image-box-content\"><h3 class=\"elementor-image-box-title\">Veranstaltungen<\/h3><p class=\"elementor-image-box-description\">Bleiben Sie auf dem Laufenden \u00fcber Fortbildungs- und Vernetzungsm\u00f6glichkeiten f\u00fcr \u00c4rzte und Zahn\u00e4rzte in der Provinz Bozen.  <\/p><\/div><\/div>\t\t<\/div>\n\t\t\t\t<\/div>\n\t\t\t\t\t<\/div>\n\t\t<\/div>\n\t\t\t\t<div class=\"elementor-column elementor-col-50 elementor-top-column elementor-element elementor-element-c592100 elementor-hidden-mobile\" data-id=\"c592100\" data-element_type=\"column\">\n\t\t\t<div class=\"elementor-widget-wrap\">\n\t\t\t\t\t\t\t<\/div>\n\t\t<\/div>\n\t\t\t\t\t<\/div>\n\t\t<\/section>\n\t\t\t\t<section class=\"elementor-section elementor-top-section elementor-element elementor-element-7a6bffb elementor-section-boxed elementor-section-height-default elementor-section-height-default elementor-invisible\" data-id=\"7a6bffb\" data-element_type=\"section\" data-settings=\"{&quot;background_background&quot;:&quot;classic&quot;,&quot;animation&quot;:&quot;fadeInUp&quot;}\">\n\t\t\t\t\t\t\t<div class=\"elementor-background-overlay\"><\/div>\n\t\t\t\t\t\t\t<div class=\"elementor-container elementor-column-gap-default\">\n\t\t\t\t\t<div class=\"elementor-column elementor-col-100 elementor-top-column elementor-element elementor-element-824bfa3\" data-id=\"824bfa3\" data-element_type=\"column\">\n\t\t\t<div class=\"elementor-widget-wrap elementor-element-populated\">\n\t\t\t\t\t\t<section class=\"elementor-section elementor-inner-section elementor-element elementor-element-e195817 elementor-section-boxed elementor-section-height-default elementor-section-height-default\" data-id=\"e195817\" data-element_type=\"section\">\n\t\t\t\t\t\t<div class=\"elementor-container elementor-column-gap-default\">\n\t\t\t\t\t<div class=\"elementor-column elementor-col-50 elementor-inner-column elementor-element elementor-element-c5d228a\" data-id=\"c5d228a\" data-element_type=\"column\">\n\t\t\t<div class=\"elementor-widget-wrap elementor-element-populated\">\n\t\t\t\t\t\t<div class=\"elementor-element elementor-element-e9e27d9 elementor-widget elementor-widget-button\" data-id=\"e9e27d9\" data-element_type=\"widget\" data-widget_type=\"button.default\">\n\t\t\t\t<div class=\"elementor-widget-container\">\n\t\t\t\t\t<div class=\"elementor-button-wrapper\">\n\t\t\t<a class=\"elementor-button elementor-size-sm\" role=\"button\">\n\t\t\t\t\t\t<span class=\"elementor-button-content-wrapper\">\n\t\t\t\t\t\t\t\t\t<span class=\"elementor-button-text\">09.10.2023<\/span>\n\t\t\t\t\t<\/span>\n\t\t\t\t\t<\/a>\n\t\t<\/div>\n\t\t\t\t<\/div>\n\t\t\t\t<\/div>\n\t\t\t\t<div class=\"elementor-element elementor-element-6aa940d elementor-widget elementor-widget-icon-box\" data-id=\"6aa940d\" data-element_type=\"widget\" data-widget_type=\"icon-box.default\">\n\t\t\t\t<div class=\"elementor-widget-container\">\n\t\t\t<link rel=\"stylesheet\" href=\"https:\/\/www.ordinemedici.bz.it\/wp-content\/uploads\/elementor\/css\/custom-widget-icon-box.min.css?ver=1726234126\">\t\t<div class=\"elementor-icon-box-wrapper\">\n\n\t\t\t\n\t\t\t\t\t\t<div class=\"elementor-icon-box-content\">\n\n\t\t\t\t\t\t\t\t\t<h3 class=\"elementor-icon-box-title\">\n\t\t\t\t\t\t<span  >\n\t\t\t\t\t\t\tMaster II livello \"Direzione sanitaria e risk management in Odontoiatria\"\t\t\t\t\t\t<\/span>\n\t\t\t\t\t<\/h3>\n\t\t\t\t\n\t\t\t\t\t\t\t\t\t<p class=\"elementor-icon-box-description\">\n\t\t\t\t\t\tIl Master di II livello \"Direzione sanitaria e risk management in Odontoiatria\" pu\u00f2 fornire una preparazione adeguata al ruolo da parte dei direttori sanitari di struttura odontoiatrica.\n<br>\n<br>\nIl Master si articola in 6 moduli della durata di 2 mesi ciascuno, 6 test finali, uno per modulo ed un ulteriore test finale. Ci si pu\u00f2 iscrivere in qualsiasi momento. L'inizio del corso avviene il primo giorno del mese successivo all'iscrizione.\t\t\t\t\t<\/p>\n\t\t\t\t\n\t\t\t<\/div>\n\t\t\t\n\t\t<\/div>\n\t\t\t\t<\/div>\n\t\t\t\t<\/div>\n\t\t\t\t<div class=\"elementor-element elementor-element-bc029b6 elementor-widget elementor-widget-button\" data-id=\"bc029b6\" data-element_type=\"widget\" data-widget_type=\"button.default\">\n\t\t\t\t<div class=\"elementor-widget-container\">\n\t\t\t\t\t<div class=\"elementor-button-wrapper\">\n\t\t\t<a class=\"elementor-button elementor-button-link elementor-size-sm elementor-animation-float\" href=\"https:\/\/www.oesg.at\/unsere-arbeit\/https:\/\/www.unicamillus.org\/it\/master-e-corsi-on-line\/direzione-sanitaria-e-risk-management-in-odontoiatria\/schmerzakademie\/index.html\" target=\"_blank\">\n\t\t\t\t\t\t<span class=\"elementor-button-content-wrapper\">\n\t\t\t\t\t\t\t\t\t<span class=\"elementor-button-text\">Informazioni - Iscrizione<\/span>\n\t\t\t\t\t<\/span>\n\t\t\t\t\t<\/a>\n\t\t<\/div>\n\t\t\t\t<\/div>\n\t\t\t\t<\/div>\n\t\t\t\t\t<\/div>\n\t\t<\/div>\n\t\t\t\t<div class=\"elementor-column elementor-col-50 elementor-inner-column elementor-element elementor-element-9dbbdc0 elementor-hidden-mobile\" data-id=\"9dbbdc0\" data-element_type=\"column\">\n\t\t\t<div class=\"elementor-widget-wrap\">\n\t\t\t\t\t\t\t<\/div>\n\t\t<\/div>\n\t\t\t\t\t<\/div>\n\t\t<\/section>\n\t\t\t\t\t<\/div>\n\t\t<\/div>\n\t\t\t\t\t<\/div>\n\t\t<\/section>\n\t\t\t\t<\/div>\n\t\t","protected":false},"excerpt":{"rendered":"<p>Veranstaltungen Bleiben Sie auf dem Laufenden \u00fcber Fortbildungs- und Vernetzungsm\u00f6glichkeiten f\u00fcr \u00c4rzte und Zahn\u00e4rzte in der Provinz Bozen. 09.10.2023 Master II livello &#8220;Direzione sanitaria e risk management in Odontoiatria&#8221; Il Master di II livello &#8220;Direzione sanitaria e risk management in Odontoiatria&#8221; pu\u00f2 fornire una preparazione adeguata al ruolo da parte dei direttori sanitari di struttura [&hellip;]<\/p>\n","protected":false},"author":2,"featured_media":0,"parent":0,"menu_order":0,"comment_status":"closed","ping_status":"closed","template":"elementor_header_footer","meta":{"footnotes":""},"class_list":["post-3438","page","type-page","status-publish","hentry"],"acf":[],"yoast_head":"<!-- This site is optimized with the Yoast SEO plugin v23.0 - https:\/\/yoast.com\/wordpress\/plugins\/seo\/ -->\n<title>\u00c4rzte- und Zahn\u00e4rztekammer der Provinz Bozen<\/title>\n<meta name=\"description\" content=\"Homepage der \u00c4rzte- und Zahn\u00e4rztekammer der Provinz Bozen. Berufsverzeichnis, Infos, News, Veranstaltungen Anmeldung, Informationen, Nachrichten, Veranstaltungen\" \/>\n<meta name=\"robots\" content=\"index, follow, max-snippet:-1, max-image-preview:large, max-video-preview:-1\" \/>\n<link rel=\"canonical\" href=\"https:\/\/29022.web.zcom.it\/de\/veranstaltungen\/\" \/>\n<meta property=\"og:locale\" content=\"de_DE\" \/>\n<meta property=\"og:type\" content=\"article\" \/>\n<meta property=\"og:title\" content=\"\u00c4rzte- und Zahn\u00e4rztekammer der Provinz Bozen\" \/>\n<meta property=\"og:description\" content=\"Homepage der \u00c4rzte- und Zahn\u00e4rztekammer der Provinz Bozen. Berufsverzeichnis, Infos, News, Veranstaltungen Anmeldung, Informationen, Nachrichten, Veranstaltungen\" \/>\n<meta property=\"og:url\" content=\"https:\/\/29022.web.zcom.it\/de\/veranstaltungen\/\" \/>\n<meta property=\"og:site_name\" content=\"\u00c4rzte- und Zahn\u00e4rztekammer\" \/>\n<meta property=\"article:modified_time\" content=\"2024-06-22T11:03:58+00:00\" \/>\n<meta name=\"twitter:card\" content=\"summary_large_image\" \/>\n<meta name=\"twitter:label1\" content=\"Gesch\u00e4tzte Lesezeit\" \/>\n\t<meta name=\"twitter:data1\" content=\"1\u00a0Minute\" \/>\n<script type=\"application\/ld+json\" class=\"yoast-schema-graph\">{\"@context\":\"https:\/\/schema.org\",\"@graph\":[{\"@type\":\"WebPage\",\"@id\":\"https:\/\/29022.web.zcom.it\/de\/veranstaltungen\/\",\"url\":\"https:\/\/29022.web.zcom.it\/de\/veranstaltungen\/\",\"name\":\"\u00c4rzte- und Zahn\u00e4rztekammer der Provinz Bozen\",\"isPartOf\":{\"@id\":\"https:\/\/29022.web.zcom.it\/de\/#website\"},\"datePublished\":\"2023-10-05T20:34:09+00:00\",\"dateModified\":\"2024-06-22T11:03:58+00:00\",\"description\":\"Homepage der \u00c4rzte- und Zahn\u00e4rztekammer der Provinz Bozen. Berufsverzeichnis, Infos, News, Veranstaltungen Anmeldung, Informationen, Nachrichten, Veranstaltungen\",\"breadcrumb\":{\"@id\":\"https:\/\/29022.web.zcom.it\/de\/veranstaltungen\/#breadcrumb\"},\"inLanguage\":\"de\",\"potentialAction\":[{\"@type\":\"ReadAction\",\"target\":[\"https:\/\/29022.web.zcom.it\/de\/veranstaltungen\/\"]}]},{\"@type\":\"BreadcrumbList\",\"@id\":\"https:\/\/29022.web.zcom.it\/de\/veranstaltungen\/#breadcrumb\",\"itemListElement\":[{\"@type\":\"ListItem\",\"position\":1,\"name\":\"Home\",\"item\":\"https:\/\/29022.web.zcom.it\/de\/\"},{\"@type\":\"ListItem\",\"position\":2,\"name\":\"VERANSTALTUNGEN\"}]},{\"@type\":\"WebSite\",\"@id\":\"https:\/\/29022.web.zcom.it\/de\/#website\",\"url\":\"https:\/\/29022.web.zcom.it\/de\/\",\"name\":\"\u00c4rzte- und Zahn\u00e4rztekammer\",\"description\":\"\",\"publisher\":{\"@id\":\"https:\/\/29022.web.zcom.it\/de\/#organization\"},\"potentialAction\":[{\"@type\":\"SearchAction\",\"target\":{\"@type\":\"EntryPoint\",\"urlTemplate\":\"https:\/\/29022.web.zcom.it\/de\/?s={search_term_string}\"},\"query-input\":\"required name=search_term_string\"}],\"inLanguage\":\"de\"},{\"@type\":\"Organization\",\"@id\":\"https:\/\/29022.web.zcom.it\/de\/#organization\",\"name\":\"\u00c4rzte- und Zahn\u00e4rztekammer\",\"url\":\"https:\/\/29022.web.zcom.it\/de\/\",\"logo\":{\"@type\":\"ImageObject\",\"inLanguage\":\"de\",\"@id\":\"https:\/\/29022.web.zcom.it\/de\/#\/schema\/logo\/image\/\",\"url\":\"https:\/\/29022.web.zcom.it\/wp-content\/uploads\/2023\/09\/Logo-01-v1.svg\",\"contentUrl\":\"https:\/\/29022.web.zcom.it\/wp-content\/uploads\/2023\/09\/Logo-01-v1.svg\",\"width\":408,\"height\":90,\"caption\":\"\u00c4rzte- und Zahn\u00e4rztekammer\"},\"image\":{\"@id\":\"https:\/\/29022.web.zcom.it\/de\/#\/schema\/logo\/image\/\"}}]}<\/script>\n<!-- \/ Yoast SEO plugin. -->","yoast_head_json":{"title":"\u00c4rzte- und Zahn\u00e4rztekammer der Provinz Bozen","description":"Homepage der \u00c4rzte- und Zahn\u00e4rztekammer der Provinz Bozen. Berufsverzeichnis, Infos, News, Veranstaltungen Anmeldung, Informationen, Nachrichten, Veranstaltungen","robots":{"index":"index","follow":"follow","max-snippet":"max-snippet:-1","max-image-preview":"max-image-preview:large","max-video-preview":"max-video-preview:-1"},"canonical":"https:\/\/29022.web.zcom.it\/de\/veranstaltungen\/","og_locale":"de_DE","og_type":"article","og_title":"\u00c4rzte- und Zahn\u00e4rztekammer der Provinz Bozen","og_description":"Homepage der \u00c4rzte- und Zahn\u00e4rztekammer der Provinz Bozen. Berufsverzeichnis, Infos, News, Veranstaltungen Anmeldung, Informationen, Nachrichten, Veranstaltungen","og_url":"https:\/\/29022.web.zcom.it\/de\/veranstaltungen\/","og_site_name":"\u00c4rzte- und Zahn\u00e4rztekammer","article_modified_time":"2024-06-22T11:03:58+00:00","twitter_card":"summary_large_image","twitter_misc":{"Gesch\u00e4tzte Lesezeit":"1\u00a0Minute"},"schema":{"@context":"https:\/\/schema.org","@graph":[{"@type":"WebPage","@id":"https:\/\/29022.web.zcom.it\/de\/veranstaltungen\/","url":"https:\/\/29022.web.zcom.it\/de\/veranstaltungen\/","name":"\u00c4rzte- und Zahn\u00e4rztekammer der Provinz Bozen","isPartOf":{"@id":"https:\/\/29022.web.zcom.it\/de\/#website"},"datePublished":"2023-10-05T20:34:09+00:00","dateModified":"2024-06-22T11:03:58+00:00","description":"Homepage der \u00c4rzte- und Zahn\u00e4rztekammer der Provinz Bozen. Berufsverzeichnis, Infos, News, Veranstaltungen Anmeldung, Informationen, Nachrichten, Veranstaltungen","breadcrumb":{"@id":"https:\/\/29022.web.zcom.it\/de\/veranstaltungen\/#breadcrumb"},"inLanguage":"de","potentialAction":[{"@type":"ReadAction","target":["https:\/\/29022.web.zcom.it\/de\/veranstaltungen\/"]}]},{"@type":"BreadcrumbList","@id":"https:\/\/29022.web.zcom.it\/de\/veranstaltungen\/#breadcrumb","itemListElement":[{"@type":"ListItem","position":1,"name":"Home","item":"https:\/\/29022.web.zcom.it\/de\/"},{"@type":"ListItem","position":2,"name":"VERANSTALTUNGEN"}]},{"@type":"WebSite","@id":"https:\/\/29022.web.zcom.it\/de\/#website","url":"https:\/\/29022.web.zcom.it\/de\/","name":"\u00c4rzte- und Zahn\u00e4rztekammer","description":"","publisher":{"@id":"https:\/\/29022.web.zcom.it\/de\/#organization"},"potentialAction":[{"@type":"SearchAction","target":{"@type":"EntryPoint","urlTemplate":"https:\/\/29022.web.zcom.it\/de\/?s={search_term_string}"},"query-input":"required name=search_term_string"}],"inLanguage":"de"},{"@type":"Organization","@id":"https:\/\/29022.web.zcom.it\/de\/#organization","name":"\u00c4rzte- und Zahn\u00e4rztekammer","url":"https:\/\/29022.web.zcom.it\/de\/","logo":{"@type":"ImageObject","inLanguage":"de","@id":"https:\/\/29022.web.zcom.it\/de\/#\/schema\/logo\/image\/","url":"https:\/\/29022.web.zcom.it\/wp-content\/uploads\/2023\/09\/Logo-01-v1.svg","contentUrl":"https:\/\/29022.web.zcom.it\/wp-content\/uploads\/2023\/09\/Logo-01-v1.svg","width":408,"height":90,"caption":"\u00c4rzte- und Zahn\u00e4rztekammer"},"image":{"@id":"https:\/\/29022.web.zcom.it\/de\/#\/schema\/logo\/image\/"}}]}},"_links":{"self":[{"href":"https:\/\/29022.web.zcom.it\/de\/wp-json\/wp\/v2\/pages\/3438","targetHints":{"allow":["GET"]}}],"collection":[{"href":"https:\/\/29022.web.zcom.it\/de\/wp-json\/wp\/v2\/pages"}],"about":[{"href":"https:\/\/29022.web.zcom.it\/de\/wp-json\/wp\/v2\/types\/page"}],"author":[{"embeddable":true,"href":"https:\/\/29022.web.zcom.it\/de\/wp-json\/wp\/v2\/users\/2"}],"replies":[{"embeddable":true,"href":"https:\/\/29022.web.zcom.it\/de\/wp-json\/wp\/v2\/comments?post=3438"}],"version-history":[{"count":6,"href":"https:\/\/29022.web.zcom.it\/de\/wp-json\/wp\/v2\/pages\/3438\/revisions"}],"predecessor-version":[{"id":12328,"href":"https:\/\/29022.web.zcom.it\/de\/wp-json\/wp\/v2\/pages\/3438\/revisions\/12328"}],"wp:attachment":[{"href":"https:\/\/29022.web.zcom.it\/de\/wp-json\/wp\/v2\/media?parent=3438"}],"curies":[{"name":"wp","href":"https:\/\/api.w.org\/{rel}","templated":true}]}}