{"id":3511,"date":"2023-12-09T17:26:48","date_gmt":"2023-12-09T17:26:48","guid":{"rendered":"https:\/\/www.ordinemedici.bz.it\/feedback-zur-barrierefreiheit\/"},"modified":"2024-03-28T14:08:48","modified_gmt":"2024-03-28T14:08:48","slug":"feedback-zur-barrierefreiheit","status":"publish","type":"page","link":"https:\/\/29022.web.zcom.it\/de\/feedback-zur-barrierefreiheit\/","title":{"rendered":"Feedback zur Zug\u00e4nglichkeit"},"content":{"rendered":"\t\t<div data-elementor-type=\"wp-page\" data-elementor-id=\"3511\" class=\"elementor elementor-3511 elementor-3491\" data-elementor-post-type=\"page\">\n\t\t\t\t\t\t<section class=\"elementor-section elementor-top-section elementor-element elementor-element-457e597 elementor-section-boxed elementor-section-height-default elementor-section-height-default\" data-id=\"457e597\" data-element_type=\"section\">\n\t\t\t\t\t\t<div class=\"elementor-container elementor-column-gap-default\">\n\t\t\t\t\t<div class=\"elementor-column elementor-col-33 elementor-top-column elementor-element elementor-element-f7f7340\" data-id=\"f7f7340\" data-element_type=\"column\">\n\t\t\t<div class=\"elementor-widget-wrap\">\n\t\t\t\t\t\t\t<\/div>\n\t\t<\/div>\n\t\t\t\t<div class=\"elementor-column elementor-col-33 elementor-top-column elementor-element elementor-element-f2117ff\" data-id=\"f2117ff\" data-element_type=\"column\">\n\t\t\t<div class=\"elementor-widget-wrap elementor-element-populated\">\n\t\t\t\t\t\t<div class=\"elementor-element elementor-element-0788f97 elementor-widget elementor-widget-heading\" data-id=\"0788f97\" data-element_type=\"widget\" data-widget_type=\"heading.default\">\n\t\t\t\t<div class=\"elementor-widget-container\">\n\t\t\t<style>\/*! elementor - v3.22.0 - 24-06-2024 *\/\n.elementor-heading-title{padding:0;margin:0;line-height:1}.elementor-widget-heading .elementor-heading-title[class*=elementor-size-]>a{color:inherit;font-size:inherit;line-height:inherit}.elementor-widget-heading .elementor-heading-title.elementor-size-small{font-size:15px}.elementor-widget-heading .elementor-heading-title.elementor-size-medium{font-size:19px}.elementor-widget-heading .elementor-heading-title.elementor-size-large{font-size:29px}.elementor-widget-heading .elementor-heading-title.elementor-size-xl{font-size:39px}.elementor-widget-heading .elementor-heading-title.elementor-size-xxl{font-size:59px}<\/style><h2 class=\"elementor-heading-title elementor-size-default\">Feedback zur Zug\u00e4nglichkeit\n<\/h2>\t\t<\/div>\n\t\t\t\t<\/div>\n\t\t\t\t<div class=\"elementor-element elementor-element-f19171f elementor-widget elementor-widget-text-editor\" data-id=\"f19171f\" data-element_type=\"widget\" data-widget_type=\"text-editor.default\">\n\t\t\t\t<div class=\"elementor-widget-container\">\n\t\t\t<style>\/*! elementor - v3.22.0 - 24-06-2024 *\/\n.elementor-widget-text-editor.elementor-drop-cap-view-stacked .elementor-drop-cap{background-color:#69727d;color:#fff}.elementor-widget-text-editor.elementor-drop-cap-view-framed .elementor-drop-cap{color:#69727d;border:3px solid;background-color:transparent}.elementor-widget-text-editor:not(.elementor-drop-cap-view-default) .elementor-drop-cap{margin-top:8px}.elementor-widget-text-editor:not(.elementor-drop-cap-view-default) .elementor-drop-cap-letter{width:1em;height:1em}.elementor-widget-text-editor .elementor-drop-cap{float:left;text-align:center;line-height:1;font-size:50px}.elementor-widget-text-editor .elementor-drop-cap-letter{display:inline-block}<\/style>\t\t\t\tIm Zusammenhang mit der EU-Richtlinie 2016\/2102 k\u00f6nnen Sie Teile der Website melden, die nicht zug\u00e4nglich sind.\n\nUm solche Meldungen zu machen, senden Sie bitte eine E-Mail an die folgende Adresse: <span style=\"color: #000000;\">\n<a style=\"color: #000000;\" href=\"mailto: info@aerztekammer.bz.it\"> info@aerztekammer.bz.it<\/a>\n<\/span>und geben Sie den Link zu dem nicht konformen Teil und das aufgetretene Problem an, oder f\u00fcllen Sie das Formular aus, um nicht zug\u00e4ngliche Seiten oder Themen zu melden, die Sie gerne weiterentwickelt sehen w\u00fcrden.\t\t\t\t\t\t<\/div>\n\t\t\t\t<\/div>\n\t\t\t\t<div class=\"elementor-element elementor-element-9955f70 elementor-button-align-start elementor-widget elementor-widget-form\" data-id=\"9955f70\" data-element_type=\"widget\" data-settings=\"{&quot;step_next_label&quot;:&quot;Weiter&quot;,&quot;step_previous_label&quot;:&quot;Zur\\u00fcck&quot;,&quot;button_width&quot;:&quot;100&quot;,&quot;dce_confirm_dialog_enabled&quot;:&quot;no&quot;,&quot;step_type&quot;:&quot;number_text&quot;,&quot;step_icon_shape&quot;:&quot;circle&quot;,&quot;label_icon_size&quot;:{&quot;unit&quot;:&quot;px&quot;,&quot;size&quot;:&quot;&quot;,&quot;sizes&quot;:[]},&quot;field_icon_size&quot;:{&quot;unit&quot;:&quot;px&quot;,&quot;size&quot;:&quot;&quot;,&quot;sizes&quot;:[]}}\" data-widget_type=\"form.default\">\n\t\t\t\t<div class=\"elementor-widget-container\">\n\t\t\t<style>\/*! elementor-pro - v3.20.0 - 11-03-2024 *\/\n.elementor-button.elementor-hidden,.elementor-hidden{display:none}.e-form__step{width:100%}.e-form__step:not(.elementor-hidden){display:flex;flex-wrap:wrap}.e-form__buttons{flex-wrap:wrap}.e-form__buttons,.e-form__buttons__wrapper{display:flex}.e-form__indicators{display:flex;justify-content:space-between;align-items:center;flex-wrap:nowrap;font-size:13px;margin-bottom:var(--e-form-steps-indicators-spacing)}.e-form__indicators__indicator{display:flex;flex-direction:column;align-items:center;justify-content:center;flex-basis:0;padding:0 var(--e-form-steps-divider-gap)}.e-form__indicators__indicator__progress{width:100%;position:relative;background-color:var(--e-form-steps-indicator-progress-background-color);border-radius:var(--e-form-steps-indicator-progress-border-radius);overflow:hidden}.e-form__indicators__indicator__progress__meter{width:var(--e-form-steps-indicator-progress-meter-width,0);height:var(--e-form-steps-indicator-progress-height);line-height:var(--e-form-steps-indicator-progress-height);padding-right:15px;border-radius:var(--e-form-steps-indicator-progress-border-radius);background-color:var(--e-form-steps-indicator-progress-color);color:var(--e-form-steps-indicator-progress-meter-color);text-align:right;transition:width .1s linear}.e-form__indicators__indicator:first-child{padding-left:0}.e-form__indicators__indicator:last-child{padding-right:0}.e-form__indicators__indicator--state-inactive{color:var(--e-form-steps-indicator-inactive-primary-color,#c2cbd2)}.e-form__indicators__indicator--state-inactive [class*=indicator--shape-]:not(.e-form__indicators__indicator--shape-none){background-color:var(--e-form-steps-indicator-inactive-secondary-color,#fff)}.e-form__indicators__indicator--state-inactive object,.e-form__indicators__indicator--state-inactive svg{fill:var(--e-form-steps-indicator-inactive-primary-color,#c2cbd2)}.e-form__indicators__indicator--state-active{color:var(--e-form-steps-indicator-active-primary-color,#39b54a);border-color:var(--e-form-steps-indicator-active-secondary-color,#fff)}.e-form__indicators__indicator--state-active [class*=indicator--shape-]:not(.e-form__indicators__indicator--shape-none){background-color:var(--e-form-steps-indicator-active-secondary-color,#fff)}.e-form__indicators__indicator--state-active object,.e-form__indicators__indicator--state-active svg{fill:var(--e-form-steps-indicator-active-primary-color,#39b54a)}.e-form__indicators__indicator--state-completed{color:var(--e-form-steps-indicator-completed-secondary-color,#fff)}.e-form__indicators__indicator--state-completed [class*=indicator--shape-]:not(.e-form__indicators__indicator--shape-none){background-color:var(--e-form-steps-indicator-completed-primary-color,#39b54a)}.e-form__indicators__indicator--state-completed .e-form__indicators__indicator__label{color:var(--e-form-steps-indicator-completed-primary-color,#39b54a)}.e-form__indicators__indicator--state-completed .e-form__indicators__indicator--shape-none{color:var(--e-form-steps-indicator-completed-primary-color,#39b54a);background-color:initial}.e-form__indicators__indicator--state-completed object,.e-form__indicators__indicator--state-completed svg{fill:var(--e-form-steps-indicator-completed-secondary-color,#fff)}.e-form__indicators__indicator__icon{width:var(--e-form-steps-indicator-padding,30px);height:var(--e-form-steps-indicator-padding,30px);font-size:var(--e-form-steps-indicator-icon-size);border-width:1px;border-style:solid;display:flex;justify-content:center;align-items:center;overflow:hidden;margin-bottom:10px}.e-form__indicators__indicator__icon img,.e-form__indicators__indicator__icon object,.e-form__indicators__indicator__icon svg{width:var(--e-form-steps-indicator-icon-size);height:auto}.e-form__indicators__indicator__icon .e-font-icon-svg{height:1em}.e-form__indicators__indicator__number{width:var(--e-form-steps-indicator-padding,30px);height:var(--e-form-steps-indicator-padding,30px);border-width:1px;border-style:solid;display:flex;justify-content:center;align-items:center;margin-bottom:10px}.e-form__indicators__indicator--shape-circle{border-radius:50%}.e-form__indicators__indicator--shape-square{border-radius:0}.e-form__indicators__indicator--shape-rounded{border-radius:5px}.e-form__indicators__indicator--shape-none{border:0}.e-form__indicators__indicator__label{text-align:center}.e-form__indicators__indicator__separator{width:100%;height:var(--e-form-steps-divider-width);background-color:#babfc5}.e-form__indicators--type-icon,.e-form__indicators--type-icon_text,.e-form__indicators--type-number,.e-form__indicators--type-number_text{align-items:flex-start}.e-form__indicators--type-icon .e-form__indicators__indicator__separator,.e-form__indicators--type-icon_text .e-form__indicators__indicator__separator,.e-form__indicators--type-number .e-form__indicators__indicator__separator,.e-form__indicators--type-number_text .e-form__indicators__indicator__separator{margin-top:calc(var(--e-form-steps-indicator-padding, 30px) \/ 2 - var(--e-form-steps-divider-width, 1px) \/ 2)}.elementor-field-type-hidden{display:none}.elementor-field-type-html{display:inline-block}.elementor-field-type-tel input{direction:inherit}.elementor-login .elementor-lost-password,.elementor-login .elementor-remember-me{font-size:.85em}.elementor-field-type-recaptcha_v3 .elementor-field-label{display:none}.elementor-field-type-recaptcha_v3 .grecaptcha-badge{z-index:1}.elementor-button .elementor-form-spinner{order:3}.elementor-form .elementor-button>span{display:flex;justify-content:center;align-items:center}.elementor-form .elementor-button .elementor-button-text{white-space:normal;flex-grow:0}.elementor-form .elementor-button svg{height:auto}.elementor-form .elementor-button .e-font-icon-svg{height:1em}.elementor-select-wrapper .select-caret-down-wrapper{position:absolute;top:50%;transform:translateY(-50%);inset-inline-end:10px;pointer-events:none;font-size:11px}.elementor-select-wrapper .select-caret-down-wrapper svg{display:unset;width:1em;aspect-ratio:unset;fill:currentColor}.elementor-select-wrapper .select-caret-down-wrapper i{font-size:19px;line-height:2}.elementor-select-wrapper.remove-before:before{content:\"\"!important}<\/style>\t\t<form class=\"elementor-form\" method=\"post\" name=\"Neue Form\">\n\t\t\t<input type=\"hidden\" name=\"post_id\" value=\"3511\"\/>\n\t\t\t<input type=\"hidden\" name=\"form_id\" value=\"9955f70\"\/>\n\t\t\t<input type=\"hidden\" name=\"referer_title\" value=\"\u00c4rzte- und Zahn\u00e4rztekammer\" \/>\n\n\t\t\t\n\t\t\t<div class=\"elementor-form-fields-wrapper elementor-labels-above\">\n\t\t\t\t\t\t\t\t<div class=\"elementor-field-type-text elementor-field-group elementor-column elementor-field-group-name elementor-col-100\">\n\t\t\t\t\t\t\t\t\t\t\t\t\t<input size=\"1\" type=\"text\" name=\"form_fields[name]\" id=\"form-field-name\" class=\"elementor-field elementor-size-sm  elementor-field-textual\" placeholder=\"Name *\">\n\t\t\t\t\t\t\t\t\t\t\t<\/div>\n\t\t\t\t\t\t\t\t<div class=\"elementor-field-type-text elementor-field-group elementor-column elementor-field-group-field_73ae26d elementor-col-100\">\n\t\t\t\t\t\t\t\t\t\t\t\t\t<input size=\"1\" type=\"text\" name=\"form_fields[field_73ae26d]\" id=\"form-field-field_73ae26d\" class=\"elementor-field elementor-size-sm  elementor-field-textual\" placeholder=\"Nachname *\">\n\t\t\t\t\t\t\t\t\t\t\t<\/div>\n\t\t\t\t\t\t\t\t<div class=\"elementor-field-type-email elementor-field-group elementor-column elementor-field-group-email elementor-col-100 elementor-field-required\">\n\t\t\t\t\t\t\t\t\t\t\t\t\t<input size=\"1\" type=\"email\" name=\"form_fields[email]\" id=\"form-field-email\" class=\"elementor-field elementor-size-sm  elementor-field-textual\" placeholder=\"E-Mail *\" required=\"required\" aria-required=\"true\">\n\t\t\t\t\t\t\t\t\t\t\t<\/div>\n\t\t\t\t\t\t\t\t<div class=\"elementor-field-type-textarea elementor-field-group elementor-column elementor-field-group-message elementor-col-100\">\n\t\t\t\t\t<textarea class=\"elementor-field-textual elementor-field  elementor-size-sm\" name=\"form_fields[message]\" id=\"form-field-message\" rows=\"4\" placeholder=\"Nachricht *\"><\/textarea>\t\t\t\t<\/div>\n\t\t\t\t\t\t\t\t<div class=\"elementor-field-type-checkbox elementor-field-group elementor-column elementor-field-group-field_9c12cde elementor-col-100\">\n\t\t\t\t\t<div class=\"elementor-field-subgroup  \"><span class=\"elementor-field-option\"><input type=\"checkbox\" value=\"Ich bin mit der Verarbeitung meiner pers\u00f6nlichen Daten einverstanden\" id=\"form-field-field_9c12cde-0\" name=\"form_fields[field_9c12cde]\"> <label for=\"form-field-field_9c12cde-0\">Ich bin mit der Verarbeitung meiner pers\u00f6nlichen Daten einverstanden<\/label><\/span><\/div>\t\t\t\t<\/div>\n\t\t\t\t\t\t\t\t<div class=\"elementor-field-group elementor-column elementor-field-type-submit elementor-col-100 e-form__buttons\">\n\t\t\t\t\t<button type=\"submit\" class=\"elementor-button elementor-size-sm\">\n\t\t\t\t\t\t<span >\n\t\t\t\t\t\t\t\t\t\t\t\t\t\t\t<span class=\" elementor-button-icon\">\n\t\t\t\t\t\t\t\t\t\t\t\t\t\t\t\t\t\t\t\t\t\t\t\t\t\t<\/span>\n\t\t\t\t\t\t\t\t\t\t\t\t\t\t\t\t\t\t\t\t\t\t<span class=\"elementor-button-text\">Senden<\/span>\n\t\t\t\t\t\t\t\t\t\t\t\t\t<\/span>\n\t\t\t\t\t<\/button>\n\t\t\t\t<\/div>\n\t\t\t<\/div>\n\t\t<\/form>\n\t\t\t\t<\/div>\n\t\t\t\t<\/div>\n\t\t\t\t<div class=\"elementor-element elementor-element-b5e3090 elementor-widget elementor-widget-heading\" data-id=\"b5e3090\" data-element_type=\"widget\" data-widget_type=\"heading.default\">\n\t\t\t\t<div class=\"elementor-widget-container\">\n\t\t\t<h2 class=\"elementor-heading-title elementor-size-default\">Bearbeitung der Personenbezogenen Daten\n<\/h2>\t\t<\/div>\n\t\t\t\t<\/div>\n\t\t\t\t<div class=\"elementor-element elementor-element-be2f1a5 elementor-widget elementor-widget-text-editor\" data-id=\"be2f1a5\" data-element_type=\"widget\" data-widget_type=\"text-editor.default\">\n\t\t\t\t<div class=\"elementor-widget-container\">\n\t\t\t\t\t\t\t<div class=\"wrapper text\">\n<form class=\"contatti\" action=\"https:\/\/www.ordinemedici.bz.it\/it\/accessibility-feedback\/\" enctype=\"multipart\/form-data\" method=\"post\">\n<div class=\"privacy\">\n<p>Gesetz Nr. 665\/669 \u00fcber den &#8220;Schutz der Privatsph\u00e4re&#8221;: gem\u00e4\u00df den Artikeln 10 und 13 des Gesetzes Nr. 31\/12\/1996 Nr. 675 ff. mod. Bez\u00fcglich der Verwaltung der pers\u00f6nlichen Daten nimmt der Nutzer zur Kenntnis, dass seine Daten, die sich im Besitz der &#8220;\u00c4rzte- und Zahn\u00e4rztekammer der Provinz Bozen &#8221; befinden, mit Hilfe moderner Computersysteme verarbeitet werden und auch von Verantwortlichen oder Mitarbeitern au\u00dferhalb der &#8220;\u00c4rzte- und Zahn\u00e4rztekammer der Provinz Bozen &#8221; ausschlie\u00dflich zur Erf\u00fcllung der gegenseitig eingegangenen vertraglichen Verpflichtungen sowie zu Werbezwecken seiner T\u00e4tigkeit verwendet werden. Der Nutzer hat das Recht, diese einzusehen, zu \u00e4ndern und unbeschadet des bestehenden Vertragsverh\u00e4ltnisses zu l\u00f6schen oder ihrer Nutzung zu widersprechen. Zu diesem Zweck kann der Nutzer einen eingeschriebenen Brief an die &#8220;\u00c4rzte- und Zahn\u00e4rztekammer der Provinz Bozen&#8221; schicken, Via A. Volta, 3, I-39100 Bozen.<\/p>\n<\/div>\n<\/form>\n<\/div>\n<section class=\"color2l\">\n<div class=\"wrapper\">\n<div class=\"row auto-clear main-links\">\n<div class=\"col col-1-4 md-col-1-3 sm-col\"> <\/div>\n<\/div>\n<\/div>\n<\/section>\n\t\t\t\t\t\t<\/div>\n\t\t\t\t<\/div>\n\t\t\t\t\t<\/div>\n\t\t<\/div>\n\t\t\t\t<div class=\"elementor-column elementor-col-33 elementor-top-column elementor-element elementor-element-11d795f\" data-id=\"11d795f\" data-element_type=\"column\">\n\t\t\t<div class=\"elementor-widget-wrap\">\n\t\t\t\t\t\t\t<\/div>\n\t\t<\/div>\n\t\t\t\t\t<\/div>\n\t\t<\/section>\n\t\t\t\t<\/div>\n\t\t","protected":false},"excerpt":{"rendered":"<p>Feedback zur Zug\u00e4nglichkeit Im Zusammenhang mit der EU-Richtlinie 2016\/2102 k\u00f6nnen Sie Teile der Website melden, die nicht zug\u00e4nglich sind. Um solche Meldungen zu machen, senden Sie bitte eine E-Mail an die folgende Adresse: info@aerztekammer.bz.it und geben Sie den Link zu dem nicht konformen Teil und das aufgetretene Problem an, oder f\u00fcllen Sie das Formular aus, [&hellip;]<\/p>\n","protected":false},"author":2,"featured_media":0,"parent":0,"menu_order":0,"comment_status":"closed","ping_status":"closed","template":"","meta":{"footnotes":""},"class_list":["post-3511","page","type-page","status-publish","hentry"],"acf":[],"yoast_head":"<!-- This site is optimized with the Yoast SEO plugin v23.0 - https:\/\/yoast.com\/wordpress\/plugins\/seo\/ -->\n<title>\u00c4rzte- und Zahn\u00e4rztekammer der Provinz Bozen<\/title>\n<meta name=\"description\" content=\"Homepage der \u00c4rzte- und Zahn\u00e4rztekammer der Provinz Bozen. Berufsverzeichnis, Infos, News, Veranstaltungen\" \/>\n<meta name=\"robots\" content=\"index, follow, max-snippet:-1, max-image-preview:large, max-video-preview:-1\" \/>\n<link rel=\"canonical\" href=\"https:\/\/29022.web.zcom.it\/de\/feedback-zur-barrierefreiheit\/\" \/>\n<meta property=\"og:locale\" content=\"de_DE\" \/>\n<meta property=\"og:type\" content=\"article\" \/>\n<meta property=\"og:title\" content=\"\u00c4rzte- und Zahn\u00e4rztekammer der Provinz Bozen\" \/>\n<meta property=\"og:description\" content=\"Homepage der \u00c4rzte- und Zahn\u00e4rztekammer der Provinz Bozen. Berufsverzeichnis, Infos, News, Veranstaltungen\" \/>\n<meta property=\"og:url\" content=\"https:\/\/29022.web.zcom.it\/de\/feedback-zur-barrierefreiheit\/\" \/>\n<meta property=\"og:site_name\" content=\"\u00c4rzte- und Zahn\u00e4rztekammer\" \/>\n<meta property=\"article:modified_time\" content=\"2024-03-28T14:08:48+00:00\" \/>\n<meta name=\"twitter:card\" content=\"summary_large_image\" \/>\n<meta name=\"twitter:label1\" content=\"Gesch\u00e4tzte Lesezeit\" \/>\n\t<meta name=\"twitter:data1\" content=\"2\u00a0Minuten\" \/>\n<script type=\"application\/ld+json\" class=\"yoast-schema-graph\">{\"@context\":\"https:\/\/schema.org\",\"@graph\":[{\"@type\":\"WebPage\",\"@id\":\"https:\/\/29022.web.zcom.it\/de\/feedback-zur-barrierefreiheit\/\",\"url\":\"https:\/\/29022.web.zcom.it\/de\/feedback-zur-barrierefreiheit\/\",\"name\":\"\u00c4rzte- und Zahn\u00e4rztekammer der Provinz Bozen\",\"isPartOf\":{\"@id\":\"https:\/\/29022.web.zcom.it\/de\/#website\"},\"datePublished\":\"2023-12-09T17:26:48+00:00\",\"dateModified\":\"2024-03-28T14:08:48+00:00\",\"description\":\"Homepage der \u00c4rzte- und Zahn\u00e4rztekammer der Provinz Bozen. Berufsverzeichnis, Infos, News, Veranstaltungen\",\"breadcrumb\":{\"@id\":\"https:\/\/29022.web.zcom.it\/de\/feedback-zur-barrierefreiheit\/#breadcrumb\"},\"inLanguage\":\"de\",\"potentialAction\":[{\"@type\":\"ReadAction\",\"target\":[\"https:\/\/29022.web.zcom.it\/de\/feedback-zur-barrierefreiheit\/\"]}]},{\"@type\":\"BreadcrumbList\",\"@id\":\"https:\/\/29022.web.zcom.it\/de\/feedback-zur-barrierefreiheit\/#breadcrumb\",\"itemListElement\":[{\"@type\":\"ListItem\",\"position\":1,\"name\":\"Home\",\"item\":\"https:\/\/29022.web.zcom.it\/de\/\"},{\"@type\":\"ListItem\",\"position\":2,\"name\":\"Feedback zur Zug\u00e4nglichkeit\"}]},{\"@type\":\"WebSite\",\"@id\":\"https:\/\/29022.web.zcom.it\/de\/#website\",\"url\":\"https:\/\/29022.web.zcom.it\/de\/\",\"name\":\"\u00c4rzte- und Zahn\u00e4rztekammer\",\"description\":\"\",\"publisher\":{\"@id\":\"https:\/\/29022.web.zcom.it\/de\/#organization\"},\"potentialAction\":[{\"@type\":\"SearchAction\",\"target\":{\"@type\":\"EntryPoint\",\"urlTemplate\":\"https:\/\/29022.web.zcom.it\/de\/?s={search_term_string}\"},\"query-input\":\"required name=search_term_string\"}],\"inLanguage\":\"de\"},{\"@type\":\"Organization\",\"@id\":\"https:\/\/29022.web.zcom.it\/de\/#organization\",\"name\":\"\u00c4rzte- und Zahn\u00e4rztekammer\",\"url\":\"https:\/\/29022.web.zcom.it\/de\/\",\"logo\":{\"@type\":\"ImageObject\",\"inLanguage\":\"de\",\"@id\":\"https:\/\/29022.web.zcom.it\/de\/#\/schema\/logo\/image\/\",\"url\":\"https:\/\/29022.web.zcom.it\/wp-content\/uploads\/2023\/09\/Logo-01-v1.svg\",\"contentUrl\":\"https:\/\/29022.web.zcom.it\/wp-content\/uploads\/2023\/09\/Logo-01-v1.svg\",\"width\":408,\"height\":90,\"caption\":\"\u00c4rzte- und Zahn\u00e4rztekammer\"},\"image\":{\"@id\":\"https:\/\/29022.web.zcom.it\/de\/#\/schema\/logo\/image\/\"}}]}<\/script>\n<!-- \/ Yoast SEO plugin. -->","yoast_head_json":{"title":"\u00c4rzte- und Zahn\u00e4rztekammer der Provinz Bozen","description":"Homepage der \u00c4rzte- und Zahn\u00e4rztekammer der Provinz Bozen. Berufsverzeichnis, Infos, News, Veranstaltungen","robots":{"index":"index","follow":"follow","max-snippet":"max-snippet:-1","max-image-preview":"max-image-preview:large","max-video-preview":"max-video-preview:-1"},"canonical":"https:\/\/29022.web.zcom.it\/de\/feedback-zur-barrierefreiheit\/","og_locale":"de_DE","og_type":"article","og_title":"\u00c4rzte- und Zahn\u00e4rztekammer der Provinz Bozen","og_description":"Homepage der \u00c4rzte- und Zahn\u00e4rztekammer der Provinz Bozen. Berufsverzeichnis, Infos, News, Veranstaltungen","og_url":"https:\/\/29022.web.zcom.it\/de\/feedback-zur-barrierefreiheit\/","og_site_name":"\u00c4rzte- und Zahn\u00e4rztekammer","article_modified_time":"2024-03-28T14:08:48+00:00","twitter_card":"summary_large_image","twitter_misc":{"Gesch\u00e4tzte Lesezeit":"2\u00a0Minuten"},"schema":{"@context":"https:\/\/schema.org","@graph":[{"@type":"WebPage","@id":"https:\/\/29022.web.zcom.it\/de\/feedback-zur-barrierefreiheit\/","url":"https:\/\/29022.web.zcom.it\/de\/feedback-zur-barrierefreiheit\/","name":"\u00c4rzte- und Zahn\u00e4rztekammer der Provinz Bozen","isPartOf":{"@id":"https:\/\/29022.web.zcom.it\/de\/#website"},"datePublished":"2023-12-09T17:26:48+00:00","dateModified":"2024-03-28T14:08:48+00:00","description":"Homepage der \u00c4rzte- und Zahn\u00e4rztekammer der Provinz Bozen. Berufsverzeichnis, Infos, News, Veranstaltungen","breadcrumb":{"@id":"https:\/\/29022.web.zcom.it\/de\/feedback-zur-barrierefreiheit\/#breadcrumb"},"inLanguage":"de","potentialAction":[{"@type":"ReadAction","target":["https:\/\/29022.web.zcom.it\/de\/feedback-zur-barrierefreiheit\/"]}]},{"@type":"BreadcrumbList","@id":"https:\/\/29022.web.zcom.it\/de\/feedback-zur-barrierefreiheit\/#breadcrumb","itemListElement":[{"@type":"ListItem","position":1,"name":"Home","item":"https:\/\/29022.web.zcom.it\/de\/"},{"@type":"ListItem","position":2,"name":"Feedback zur Zug\u00e4nglichkeit"}]},{"@type":"WebSite","@id":"https:\/\/29022.web.zcom.it\/de\/#website","url":"https:\/\/29022.web.zcom.it\/de\/","name":"\u00c4rzte- und Zahn\u00e4rztekammer","description":"","publisher":{"@id":"https:\/\/29022.web.zcom.it\/de\/#organization"},"potentialAction":[{"@type":"SearchAction","target":{"@type":"EntryPoint","urlTemplate":"https:\/\/29022.web.zcom.it\/de\/?s={search_term_string}"},"query-input":"required name=search_term_string"}],"inLanguage":"de"},{"@type":"Organization","@id":"https:\/\/29022.web.zcom.it\/de\/#organization","name":"\u00c4rzte- und Zahn\u00e4rztekammer","url":"https:\/\/29022.web.zcom.it\/de\/","logo":{"@type":"ImageObject","inLanguage":"de","@id":"https:\/\/29022.web.zcom.it\/de\/#\/schema\/logo\/image\/","url":"https:\/\/29022.web.zcom.it\/wp-content\/uploads\/2023\/09\/Logo-01-v1.svg","contentUrl":"https:\/\/29022.web.zcom.it\/wp-content\/uploads\/2023\/09\/Logo-01-v1.svg","width":408,"height":90,"caption":"\u00c4rzte- und Zahn\u00e4rztekammer"},"image":{"@id":"https:\/\/29022.web.zcom.it\/de\/#\/schema\/logo\/image\/"}}]}},"_links":{"self":[{"href":"https:\/\/29022.web.zcom.it\/de\/wp-json\/wp\/v2\/pages\/3511","targetHints":{"allow":["GET"]}}],"collection":[{"href":"https:\/\/29022.web.zcom.it\/de\/wp-json\/wp\/v2\/pages"}],"about":[{"href":"https:\/\/29022.web.zcom.it\/de\/wp-json\/wp\/v2\/types\/page"}],"author":[{"embeddable":true,"href":"https:\/\/29022.web.zcom.it\/de\/wp-json\/wp\/v2\/users\/2"}],"replies":[{"embeddable":true,"href":"https:\/\/29022.web.zcom.it\/de\/wp-json\/wp\/v2\/comments?post=3511"}],"version-history":[{"count":0,"href":"https:\/\/29022.web.zcom.it\/de\/wp-json\/wp\/v2\/pages\/3511\/revisions"}],"wp:attachment":[{"href":"https:\/\/29022.web.zcom.it\/de\/wp-json\/wp\/v2\/media?parent=3511"}],"curies":[{"name":"wp","href":"https:\/\/api.w.org\/{rel}","templated":true}]}}